{"id":4131,"date":"2019-12-30T11:38:31","date_gmt":"2019-12-30T11:38:31","guid":{"rendered":"https:\/\/denteliteglobal.com\/dienstleistungen\/im-bau"},"modified":"2023-03-29T08:36:11","modified_gmt":"2023-03-29T08:36:11","slug":"im-bau","status":"publish","type":"page","link":"https:\/\/denteliteglobal.com\/de\/dienstleistungen\/im-bau","title":{"rendered":"Im Bau"},"content":{"rendered":"<section id=\"bt_bb_section69f2f55c2323b\" class=\"bt_bb_section bt_bb_color_scheme_6 bt_bb_layout_boxed_1200 bt_bb_full_screen bt_bb_vertical_align_middle bt_bb_top_spacing_large bt_bb_bottom_spacing_large\" style=\"; --section-primary-color:#ffffff; --section-secondary-color:#fdabb7;background-position:center bottom;background-size:120% auto;\" data-bt-override-class=\"null\"><div class=\"bt_bb_background_image_holder_wrapper\"><div class=\"bt_bb_background_image_holder btLazyLoadBackground\"  data-background_image_src=\"https:\/\/denteliteglobal.com\/wp-content\/uploads\/2020\/01\/background-everest.jpg\" data-parallax-zoom-start=\"1\" data-parallax-zoom-end=\"1\" data-parallax-blur-start=\"0\" data-parallax-blur-end=\"0\" data-parallax-opacity-start=\"1\" data-parallax-opacity-end=\"1\" style=\" background-image: url(&#039;https:\/\/denteliteglobal.com\/wp-content\/plugins\/bold-page-builder\/img\/blank.gif&#039;);\"><\/div><\/div><div class=\"bt_bb_port\"><div class=\"bt_bb_cell\"><div class=\"bt_bb_cell_inner\"><div class=\"bt_bb_row  bt_bb_column_gap_0\" style=\"; --column-gap:0px;\" data-bt-override-class=\"{}\"><div class=\"bt_bb_row_holder\" ><div  class=\"bt_bb_column col-xxl-7 col-xl-7 bt_bb_vertical_align_top bt_bb_align_left bt_bb_padding_normal bt_bb_animation_fade_in animate\"  data-width=\"7\" data-bt-override-class=\"{}\"><div class=\"bt_bb_column_content\"><header class=\"bt_bb_headline bt_bb_color_scheme_7 bt_bb_dash_none bt_bb_size_inherit bt_bb_align_inherit bt_bb_dash_type_none\" style=\"; --primary-color:#333c4a; --secondary-color:#191919;\" data-bt-override-class=\"{}\"><h3 style=\"font-size:3.125em\" class=\"bt_bb_headline_tag\"><span class=\"bt_bb_headline_content\"><span>Unsere Website ist<\/span><\/span><\/h3><\/header><header class=\"bt_bb_headline bt_bb_font_weight_bolder bt_bb_dash_none bt_bb_subheadline bt_bb_size_huge bt_bb_align_inherit bt_bb_dash_type_none\" data-bt-override-class=\"{}\"><h2 class=\"bt_bb_headline_tag\"><span class=\"bt_bb_headline_content\"><span><s>Im Bau<\/s><\/span><\/span><\/h2><div class=\"bt_bb_headline_subheadline\">Wir sollten recht bald online sein. In der Zwischenzeit k\u00f6nnen Sie aber immer noch die alte Website besuchen, bis unsere neue, auff\u00e4llige Website online ist. Klicken Sie unten, um zur alten Website zu gelangen, oder senden Sie uns eine E-Mail mit Ihrer Anfrage.<\/div><\/header><div class=\"bt_bb_separator bt_bb_border_style_none bt_bb_top_spacing_extra_small bt_bb_bottom_spacing_normal\" data-bt-override-class=\"null\"><\/div><div class=\"bt_bb_button bt_bb_color_scheme_11 bt_bb_icon_position_left bt_bb_style_filled bt_bb_size_normal bt_bb_width_inline bt_bb_shape_inherit bt_bb_target_self bt_bb_align_inherit\" style=\"; --primary-color:#ffffff; --secondary-color:#333c4a;\" data-bt-override-class=\"{}\"><a href=\"#\" target=\"_self\" class=\"bt_bb_link\" title=\"Zur\u00fcck zu unserer alten Website\"><span class=\"bt_bb_button_text\" >Zur\u00fcck zu unserer alten Website<\/span><\/a><\/div><div class=\"bt_bb_button bt_bb_color_scheme_8 bt_bb_icon_position_left bt_bb_style_filled bt_bb_size_normal bt_bb_width_inline bt_bb_shape_inherit bt_bb_target_self bt_bb_align_inherit\" style=\"; --primary-color:#333c4a; --secondary-color:#ffffff;\" data-bt-override-class=\"{}\"><a href=\"#\" target=\"_self\" class=\"bt_bb_link\" title=\"Kontaktieren Sie uns f\u00fcr mehr\"><span class=\"bt_bb_button_text\" >Kontaktieren Sie uns f\u00fcr mehr<\/span><\/a><\/div><div class=\"bt_bb_separator bt_bb_border_style_none bt_bb_bottom_spacing_large\" data-bt-override-class=\"null\"><\/div><\/div><\/div><div  class=\"bt_bb_column col-xxl-5 col-xl-5 bt_bb_vertical_align_top bt_bb_align_left bt_bb_padding_normal\"  data-width=\"5\" data-bt-override-class=\"{}\"><div class=\"bt_bb_column_content\"><\/div><\/div><\/div><\/div><div class=\"bt_bb_row \"  data-bt-override-class=\"{}\"><div class=\"bt_bb_row_holder\" ><div  class=\"bt_bb_column col-xxl-6 col-xl-6 bt_bb_vertical_align_top bt_bb_align_left bt_bb_padding_normal bt_bb_animation_fade_in animate\"  data-width=\"6\" data-bt-override-class=\"{}\"><div class=\"bt_bb_column_content\"><header class=\"bt_bb_headline bt_bb_dash_none bt_bb_size_normal bt_bb_align_inherit bt_bb_dash_type_none\" data-bt-override-class=\"{}\"><h3 class=\"bt_bb_headline_tag\"><span class=\"bt_bb_headline_content\"><span>Verbleibende Zeit bis zum Relaunch der Website...<\/span><\/span><\/h3><\/header><div class=\"bt_bb_separator bt_bb_border_style_none bt_bb_bottom_spacing_small\" data-bt-override-class=\"null\"><\/div><div class=\"bt_bb_countdown btCounterHolder bt_bb_size_large\" data-bt-override-class=\"{}\"><div class=\"btCountdownHolder\" data-init-seconds=\"0\"><span class=\"days\" data-text=\"Days\"><\/span><span class=\"hours\"><span class=\"n0\"><span><\/span><span><\/span><\/span><span class=\"n1\"><span><\/span><span><\/span><\/span><span class=\"hours_text\"><span>Hours<\/span><\/span><\/span><span class=\"minutes\"><span class=\"n0\"><span><\/span><span><\/span><\/span><span class=\"n1\"><span><\/span><span><\/span><\/span><span class=\"minutes_text\"><span>Minutes<\/span><\/span><\/span><span class=\"seconds\"><span class=\"n0\"><span><\/span><span><\/span><\/span><span class=\"n1\"><span><\/span><span><\/span><\/span><span class=\"seconds_text\"><span>Seconds<\/span><\/span><\/span><\/div><\/div><div class=\"bt_bb_separator bt_bb_border_style_none bt_bb_bottom_spacing_normal bt_bb_hidden_md bt_bb_hidden_lg\" data-bt-override-class=\"null\"><\/div><\/div><\/div><div  class=\"bt_bb_column col-xxl-6 col-xl-6 bt_bb_vertical_align_top bt_bb_align_left bt_bb_padding_double bt_bb_animation_fade_in animate\" style=\"border-left: 2px dotted rgba(255,255,255,.3);\" data-width=\"6\" data-bt-override-class=\"{}\"><div class=\"bt_bb_column_content\"><header class=\"bt_bb_headline bt_bb_color_scheme_1 bt_bb_dash_none bt_bb_subheadline bt_bb_size_normal bt_bb_align_inherit bt_bb_dash_type_none\" style=\"; --primary-color:#ffffff; --secondary-color:#191919;\" data-bt-override-class=\"{}\"><h3 class=\"bt_bb_headline_tag\"><span class=\"bt_bb_headline_content\"><span>Abonnieren Sie unseren Newsletter<\/span><\/span><\/h3><div class=\"bt_bb_headline_subheadline\">Melden Sie sich an, um \u00fcber den Start der Website informiert zu werden.<\/div><\/header><div class=\"bt_bb_separator bt_bb_border_style_none bt_bb_bottom_spacing_small\" data-bt-override-class=\"null\"><\/div><div class=\"bt_bb_contact_form_7\">\n<div class=\"wpcf7 no-js\" id=\"wpcf7-f667-o1\" lang=\"en-US\" dir=\"ltr\" data-wpcf7-id=\"667\">\n<div class=\"screen-reader-response\"><p role=\"status\" aria-live=\"polite\" aria-atomic=\"true\"><\/p> <ul><\/ul><\/div>\n<form action=\"\/de\/wp-json\/wp\/v2\/pages\/4131#wpcf7-f667-o1\" method=\"post\" class=\"wpcf7-form init\" aria-label=\"Contact form\" novalidate=\"novalidate\" data-status=\"init\">\n<fieldset class=\"hidden-fields-container\"><input type=\"hidden\" name=\"_wpcf7\" value=\"667\" \/><input type=\"hidden\" name=\"_wpcf7_version\" value=\"6.1.5\" \/><input type=\"hidden\" name=\"_wpcf7_locale\" value=\"en_US\" \/><input type=\"hidden\" name=\"_wpcf7_unit_tag\" value=\"wpcf7-f667-o1\" \/><input type=\"hidden\" name=\"_wpcf7_container_post\" value=\"0\" \/><input type=\"hidden\" name=\"_wpcf7_posted_data_hash\" value=\"\" \/>\n<\/fieldset>\n<div class=\"bt_bb_cf7_form bt_bb_cf7_inline_newsletter_form\">\n\t<div class=\"bt_bb_cf7_row\">\n\t\t<div class=\"bt_bb_cf7_element\">\n\t\t\t<p><span class=\"wpcf7-form-control-wrap\" data-name=\"your-email\"><input size=\"40\" maxlength=\"400\" class=\"wpcf7-form-control wpcf7-email wpcf7-validates-as-required wpcf7-text wpcf7-validates-as-email\" aria-required=\"true\" aria-invalid=\"false\" placeholder=\"Enter your email address\" value=\"\" type=\"email\" name=\"your-email\" \/><\/span>\n\t\t\t<\/p>\n\t\t<\/div>\n\t\t<div class=\"bt_bb_cf7_button bt_bb_alternate_submit\">\n\t\t\t<p><input class=\"wpcf7-form-control wpcf7-submit has-spinner\" type=\"submit\" value=\"Subscribe Now\" \/>\n\t\t\t<\/p>\n\t\t<\/div>\n\t<\/div>\n<\/div><p style=\"display: none !important;\" class=\"akismet-fields-container\" data-prefix=\"_wpcf7_ak_\"><label>&#916;<textarea name=\"_wpcf7_ak_hp_textarea\" cols=\"45\" rows=\"8\" maxlength=\"100\"><\/textarea><\/label><input type=\"hidden\" id=\"ak_js_1\" name=\"_wpcf7_ak_js\" value=\"131\"\/><script type=\"text\/javascript\">\n\/* <![CDATA[ *\/\ndocument.getElementById( \"ak_js_1\" ).setAttribute( \"value\", ( new Date() ).getTime() );\n\/* ]]> *\/\n<\/script>\n<\/p><div class=\"wpcf7-response-output\" aria-hidden=\"true\"><\/div>\n<\/form>\n<\/div>\n<\/div><\/div><\/div><\/div><\/div><\/div><!-- cell_inner --><\/div><!-- cell --><\/div><!-- port --><\/section>\n","protected":false},"excerpt":{"rendered":"<p>Synergistische Entwicklung von 2.0-Technologien anstelle von punktuellen Initiativen. Rascher Aufbau strategischer Netze mit \u00fcberzeugendem E-Business. Hocheffiziente Produkte und Daten glaubw\u00fcrdig zu pr\u00e4sentieren.<\/p>\n","protected":false},"author":1,"featured_media":0,"parent":3599,"menu_order":0,"comment_status":"closed","ping_status":"closed","template":"","meta":{"footnotes":""},"class_list":["post-4131","page","type-page","status-publish","hentry"],"yoast_head":"<!-- This site is optimized with the Yoast SEO plugin v27.5 - https:\/\/yoast.com\/product\/yoast-seo-wordpress\/ -->\n<title>Im Bau &#8212; Dentelite Global<\/title>\n<meta name=\"robots\" content=\"index, follow, max-snippet:-1, max-image-preview:large, max-video-preview:-1\" \/>\n<link rel=\"canonical\" href=\"https:\/\/denteliteglobal.com\/de\/dienstleistungen\/im-bau\" \/>\n<meta property=\"og:locale\" content=\"de_DE\" \/>\n<meta property=\"og:type\" content=\"article\" \/>\n<meta property=\"og:title\" content=\"Im Bau &#8212; Dentelite Global\" \/>\n<meta property=\"og:description\" content=\"Synergistische Entwicklung von 2.0-Technologien anstelle von punktuellen Initiativen. Rascher Aufbau strategischer Netze mit \u00fcberzeugendem E-Business. Hocheffiziente Produkte und Daten glaubw\u00fcrdig zu pr\u00e4sentieren.\" \/>\n<meta property=\"og:url\" content=\"https:\/\/denteliteglobal.com\/de\/dienstleistungen\/im-bau\" \/>\n<meta property=\"og:site_name\" content=\"Dentelite Global\" \/>\n<meta property=\"article:publisher\" content=\"https:\/\/www.facebook.com\/Dentelitedentistry\/\" \/>\n<meta property=\"article:modified_time\" content=\"2023-03-29T08:36:11+00:00\" \/>\n<meta property=\"og:image\" content=\"https:\/\/denteliteglobal.com\/wp-content\/uploads\/2022\/07\/logo-CureInTurkiye.png\" \/>\n\t<meta property=\"og:image:width\" content=\"860\" \/>\n\t<meta property=\"og:image:height\" content=\"300\" \/>\n\t<meta property=\"og:image:type\" content=\"image\/png\" \/>\n<meta name=\"twitter:card\" content=\"summary_large_image\" \/>\n<meta name=\"twitter:label1\" content=\"Gesch\u00e4tzte Lesezeit\" \/>\n\t<meta name=\"twitter:data1\" content=\"4\u00a0Minuten\" \/>\n<script type=\"application\/ld+json\" class=\"yoast-schema-graph\">{\"@context\":\"https:\\\/\\\/schema.org\",\"@graph\":[{\"@type\":\"WebPage\",\"@id\":\"https:\\\/\\\/denteliteglobal.com\\\/de\\\/dienstleistungen\\\/im-bau\",\"url\":\"https:\\\/\\\/denteliteglobal.com\\\/de\\\/dienstleistungen\\\/im-bau\",\"name\":\"Im Bau &#8212; Dentelite Global\",\"isPartOf\":{\"@id\":\"https:\\\/\\\/denteliteglobal.com\\\/de#website\"},\"datePublished\":\"2019-12-30T11:38:31+00:00\",\"dateModified\":\"2023-03-29T08:36:11+00:00\",\"breadcrumb\":{\"@id\":\"https:\\\/\\\/denteliteglobal.com\\\/de\\\/dienstleistungen\\\/im-bau#breadcrumb\"},\"inLanguage\":\"de\",\"potentialAction\":[{\"@type\":\"ReadAction\",\"target\":[\"https:\\\/\\\/denteliteglobal.com\\\/de\\\/dienstleistungen\\\/im-bau\"]}]},{\"@type\":\"BreadcrumbList\",\"@id\":\"https:\\\/\\\/denteliteglobal.com\\\/de\\\/dienstleistungen\\\/im-bau#breadcrumb\",\"itemListElement\":[{\"@type\":\"ListItem\",\"position\":1,\"name\":\"Home\",\"item\":\"https:\\\/\\\/denteliteglobal.com\\\/de\"},{\"@type\":\"ListItem\",\"position\":2,\"name\":\"Dienstleistungen\",\"item\":\"https:\\\/\\\/denteliteglobal.com\\\/de\\\/dienstleistungen\"},{\"@type\":\"ListItem\",\"position\":3,\"name\":\"Im Bau\"}]},{\"@type\":\"WebSite\",\"@id\":\"https:\\\/\\\/denteliteglobal.com\\\/de#website\",\"url\":\"https:\\\/\\\/denteliteglobal.com\\\/de\",\"name\":\"Dentelite Global\",\"description\":\"Time to Smile!\",\"publisher\":{\"@id\":\"https:\\\/\\\/denteliteglobal.com\\\/de#organization\"},\"potentialAction\":[{\"@type\":\"SearchAction\",\"target\":{\"@type\":\"EntryPoint\",\"urlTemplate\":\"https:\\\/\\\/denteliteglobal.com\\\/de?s={search_term_string}\"},\"query-input\":{\"@type\":\"PropertyValueSpecification\",\"valueRequired\":true,\"valueName\":\"search_term_string\"}}],\"inLanguage\":\"de\"},{\"@type\":\"Organization\",\"@id\":\"https:\\\/\\\/denteliteglobal.com\\\/de#organization\",\"name\":\"Dentelite Global\",\"url\":\"https:\\\/\\\/denteliteglobal.com\\\/de\",\"logo\":{\"@type\":\"ImageObject\",\"inLanguage\":\"de\",\"@id\":\"https:\\\/\\\/denteliteglobal.com\\\/de#\\\/schema\\\/logo\\\/image\\\/\",\"url\":\"https:\\\/\\\/denteliteglobal.com\\\/wp-content\\\/uploads\\\/2023\\\/02\\\/dg-logo-3.png\",\"contentUrl\":\"https:\\\/\\\/denteliteglobal.com\\\/wp-content\\\/uploads\\\/2023\\\/02\\\/dg-logo-3.png\",\"width\":1200,\"height\":600,\"caption\":\"Dentelite Global\"},\"image\":{\"@id\":\"https:\\\/\\\/denteliteglobal.com\\\/de#\\\/schema\\\/logo\\\/image\\\/\"},\"sameAs\":[\"https:\\\/\\\/www.facebook.com\\\/Dentelitedentistry\\\/\",\"https:\\\/\\\/www.instagram.com\\\/dentelite_dentistry\\\/\"]}]}<\/script>\n<!-- \/ Yoast SEO plugin. -->","yoast_head_json":{"title":"Im Bau &#8212; Dentelite Global","robots":{"index":"index","follow":"follow","max-snippet":"max-snippet:-1","max-image-preview":"max-image-preview:large","max-video-preview":"max-video-preview:-1"},"canonical":"https:\/\/denteliteglobal.com\/de\/dienstleistungen\/im-bau","og_locale":"de_DE","og_type":"article","og_title":"Im Bau &#8212; Dentelite Global","og_description":"Synergistische Entwicklung von 2.0-Technologien anstelle von punktuellen Initiativen. Rascher Aufbau strategischer Netze mit \u00fcberzeugendem E-Business. Hocheffiziente Produkte und Daten glaubw\u00fcrdig zu pr\u00e4sentieren.","og_url":"https:\/\/denteliteglobal.com\/de\/dienstleistungen\/im-bau","og_site_name":"Dentelite Global","article_publisher":"https:\/\/www.facebook.com\/Dentelitedentistry\/","article_modified_time":"2023-03-29T08:36:11+00:00","og_image":[{"width":860,"height":300,"url":"https:\/\/denteliteglobal.com\/wp-content\/uploads\/2022\/07\/logo-CureInTurkiye.png","type":"image\/png"}],"twitter_card":"summary_large_image","twitter_misc":{"Gesch\u00e4tzte Lesezeit":"4\u00a0Minuten"},"schema":{"@context":"https:\/\/schema.org","@graph":[{"@type":"WebPage","@id":"https:\/\/denteliteglobal.com\/de\/dienstleistungen\/im-bau","url":"https:\/\/denteliteglobal.com\/de\/dienstleistungen\/im-bau","name":"Im Bau &#8212; Dentelite Global","isPartOf":{"@id":"https:\/\/denteliteglobal.com\/de#website"},"datePublished":"2019-12-30T11:38:31+00:00","dateModified":"2023-03-29T08:36:11+00:00","breadcrumb":{"@id":"https:\/\/denteliteglobal.com\/de\/dienstleistungen\/im-bau#breadcrumb"},"inLanguage":"de","potentialAction":[{"@type":"ReadAction","target":["https:\/\/denteliteglobal.com\/de\/dienstleistungen\/im-bau"]}]},{"@type":"BreadcrumbList","@id":"https:\/\/denteliteglobal.com\/de\/dienstleistungen\/im-bau#breadcrumb","itemListElement":[{"@type":"ListItem","position":1,"name":"Home","item":"https:\/\/denteliteglobal.com\/de"},{"@type":"ListItem","position":2,"name":"Dienstleistungen","item":"https:\/\/denteliteglobal.com\/de\/dienstleistungen"},{"@type":"ListItem","position":3,"name":"Im Bau"}]},{"@type":"WebSite","@id":"https:\/\/denteliteglobal.com\/de#website","url":"https:\/\/denteliteglobal.com\/de","name":"Dentelite Global","description":"Time to Smile!","publisher":{"@id":"https:\/\/denteliteglobal.com\/de#organization"},"potentialAction":[{"@type":"SearchAction","target":{"@type":"EntryPoint","urlTemplate":"https:\/\/denteliteglobal.com\/de?s={search_term_string}"},"query-input":{"@type":"PropertyValueSpecification","valueRequired":true,"valueName":"search_term_string"}}],"inLanguage":"de"},{"@type":"Organization","@id":"https:\/\/denteliteglobal.com\/de#organization","name":"Dentelite Global","url":"https:\/\/denteliteglobal.com\/de","logo":{"@type":"ImageObject","inLanguage":"de","@id":"https:\/\/denteliteglobal.com\/de#\/schema\/logo\/image\/","url":"https:\/\/denteliteglobal.com\/wp-content\/uploads\/2023\/02\/dg-logo-3.png","contentUrl":"https:\/\/denteliteglobal.com\/wp-content\/uploads\/2023\/02\/dg-logo-3.png","width":1200,"height":600,"caption":"Dentelite Global"},"image":{"@id":"https:\/\/denteliteglobal.com\/de#\/schema\/logo\/image\/"},"sameAs":["https:\/\/www.facebook.com\/Dentelitedentistry\/","https:\/\/www.instagram.com\/dentelite_dentistry\/"]}]}},"_links":{"self":[{"href":"https:\/\/denteliteglobal.com\/de\/wp-json\/wp\/v2\/pages\/4131","targetHints":{"allow":["GET"]}}],"collection":[{"href":"https:\/\/denteliteglobal.com\/de\/wp-json\/wp\/v2\/pages"}],"about":[{"href":"https:\/\/denteliteglobal.com\/de\/wp-json\/wp\/v2\/types\/page"}],"author":[{"embeddable":true,"href":"https:\/\/denteliteglobal.com\/de\/wp-json\/wp\/v2\/users\/1"}],"replies":[{"embeddable":true,"href":"https:\/\/denteliteglobal.com\/de\/wp-json\/wp\/v2\/comments?post=4131"}],"version-history":[{"count":0,"href":"https:\/\/denteliteglobal.com\/de\/wp-json\/wp\/v2\/pages\/4131\/revisions"}],"up":[{"embeddable":true,"href":"https:\/\/denteliteglobal.com\/de\/wp-json\/wp\/v2\/pages\/3599"}],"wp:attachment":[{"href":"https:\/\/denteliteglobal.com\/de\/wp-json\/wp\/v2\/media?parent=4131"}],"curies":[{"name":"wp","href":"https:\/\/api.w.org\/{rel}","templated":true}]}}