{"id":3555,"date":"2019-12-30T11:27:29","date_gmt":"2019-12-30T11:27:29","guid":{"rendered":"https:\/\/denteliteglobal.com\/aerzte"},"modified":"2023-06-26T12:47:34","modified_gmt":"2023-06-26T12:47:34","slug":"aerzte","status":"publish","type":"page","link":"https:\/\/denteliteglobal.com\/de\/ueber-uns\/aerzte","title":{"rendered":"\u00c4rzte"},"content":{"rendered":"<p><section id=\"bt_bb_section69d26e98eeccc\" class=\"bt_bb_section bt_bb_color_scheme_6 bt_bb_layout_boxed_1200 bt_bb_vertical_align_top bt_bb_bottom_section_coverage_image bt_bb_section_with_bottom_coverage_image bt_bb_top_spacing_medium btCustomHeadlineSection\" style=\"; --section-primary-color:#ffffff; --section-secondary-color:#fdabb7;\" data-bt-override-class=\"null\"><div class=\"bt_bb_background_image_holder_wrapper\"><div class=\"bt_bb_background_image_holder btLazyLoadBackground bt_bb_parallax\"  data-background_image_src=\"https:\/\/denteliteglobal.com\/wp-content\/uploads\/2020\/05\/bgn-blurb-1.png\" data-parallax=\"0.6\" data-parallax-offset=\"0\" data-parallax-zoom-start=\"1\" data-parallax-zoom-end=\"1\" data-parallax-blur-start=\"0\" data-parallax-blur-end=\"0\" data-parallax-opacity-start=\"1\" data-parallax-opacity-end=\"1\" style=\" background-image: url(&#039;https:\/\/denteliteglobal.com\/wp-content\/plugins\/bold-page-builder\/img\/blank.gif&#039;);\"><\/div><\/div><div class=\"bt_bb_port\"><div class=\"bt_bb_cell\"><div class=\"bt_bb_cell_inner\"><div class=\"bt_bb_row \"  data-bt-override-class=\"{}\"><div class=\"bt_bb_row_holder\" ><div  class=\"bt_bb_column col-xxl-6 col-xl-6 bt_bb_vertical_align_bottom bt_bb_align_left bt_bb_padding_normal\"  data-width=\"6\" data-bt-override-class=\"{}\"><div class=\"bt_bb_column_content\"><div class=\"bt_bb_separator bt_bb_border_style_none bt_bb_bottom_spacing_medium\" data-bt-override-class=\"null\"><\/div><header class=\"bt_bb_headline bt_bb_font_weight_bold bt_bb_subheadline_text_transform_default bt_bb_dash_none bt_bb_subheadline bt_bb_size_huge bt_bb_align_inherit bt_bb_dash_type_none\" data-bt-override-class=\"{&quot;bt_bb_size_&quot;:{&quot;current_class&quot;:&quot;bt_bb_size_huge&quot;,&quot;def&quot;:&quot;huge&quot;,&quot;xl&quot;:&quot;huge&quot;},&quot;bt_bb_align_&quot;:{&quot;current_class&quot;:&quot;bt_bb_align_inherit&quot;,&quot;def&quot;:&quot;inherit&quot;,&quot;xl&quot;:&quot;inherit&quot;}}\"><h1 class=\"bt_bb_headline_tag\"><span class=\"bt_bb_headline_content\"><span><em><s>Unser Team<\/s><\/em><\/span><\/span><\/h1><div class=\"bt_bb_headline_subheadline\">Jeder Mitarbeiter in unserer Klinik, vom Empfangspersonal bis hin zu den Hygienefachkr\u00e4ften und Zahnarzthelferinnen, m\u00f6chte Ihnen die bestm\u00f6gliche zahn\u00e4rztliche Versorgung bieten.<\/div><\/header><div class=\"bt_bb_separator bt_bb_border_style_none bt_bb_bottom_spacing_large\" data-bt-override-class=\"null\"><\/div><\/div><\/div><div  class=\"bt_bb_column col-xxl-6 col-xl-6 bt_bb_vertical_align_bottom bt_bb_align_center bt_bb_padding_normal bt_bb_animation_fade_in move_up animate\" style=\"position: relative;\" data-width=\"6\" data-bt-override-class=\"{}\"><div class=\"bt_bb_column_content\"><div class=\"bt_bb_image bt_bb_shape_square bt_bb_target_self bt_bb_align_inherit bt_bb_hover_style_simple bt_bb_content_display_always bt_bb_content_align_middle\" style=\"max-width: 560px;\" data-bt-override-class=\"{}\"><span><img fetchpriority=\"high\" decoding=\"async\" width=\"931\" height=\"840\" src=\"https:\/\/denteliteglobal.com\/wp-content\/uploads\/2020\/04\/img-people.png\" class=\"attachment-full size-full\" alt=\"https:\/\/denteliteglobal.com\/wp-content\/uploads\/2020\/04\/img-people.png\" data-full_image_src=\"https:\/\/denteliteglobal.com\/wp-content\/uploads\/2020\/04\/img-people.png\" loading=\"eager\" srcset=\"https:\/\/denteliteglobal.com\/wp-content\/uploads\/2020\/04\/img-people.png 931w, https:\/\/denteliteglobal.com\/wp-content\/uploads\/2020\/04\/img-people-640x577.png 640w, https:\/\/denteliteglobal.com\/wp-content\/uploads\/2020\/04\/img-people-768x693.png 768w, https:\/\/denteliteglobal.com\/wp-content\/uploads\/2020\/04\/img-people-320x289.png 320w, https:\/\/denteliteglobal.com\/wp-content\/uploads\/2020\/04\/img-people-600x541.png 600w\" sizes=\"(max-width: 931px) 100vw, 931px\" \/><\/span><\/div><div class=\"bt_bb_floating_image bt_bb_floating_image_horizontal_position_center bt_bb_floating_image_vertical_position_bottom bt_bb_floating_image_animation_delay_default bt_bb_floating_image_animation_duration_default bt_bb_floating_image_animation_style_ease_out\" style=\"max-width: 520px;\" data-speed=\"1.0\"><div class=\"bt_bb_floating_image_image\" data-speed=\"1.0\"><div class=\"bt_bb_image\" data-bt-override-class=\"{}\"><span><img decoding=\"async\" width=\"931\" height=\"942\" src=\"https:\/\/denteliteglobal.com\/wp-content\/uploads\/2020\/04\/floater-1.png\" class=\"attachment-full size-full\" alt=\"https:\/\/denteliteglobal.com\/wp-content\/uploads\/2020\/04\/floater-1.png\" data-full_image_src=\"https:\/\/denteliteglobal.com\/wp-content\/uploads\/2020\/04\/floater-1.png\" title=\"floater-1\" loading=\"eager\" srcset=\"https:\/\/denteliteglobal.com\/wp-content\/uploads\/2020\/04\/floater-1.png 931w, https:\/\/denteliteglobal.com\/wp-content\/uploads\/2020\/04\/floater-1-640x648.png 640w, https:\/\/denteliteglobal.com\/wp-content\/uploads\/2020\/04\/floater-1-768x777.png 768w, https:\/\/denteliteglobal.com\/wp-content\/uploads\/2020\/04\/floater-1-320x324.png 320w, https:\/\/denteliteglobal.com\/wp-content\/uploads\/2020\/04\/floater-1-600x607.png 600w, https:\/\/denteliteglobal.com\/wp-content\/uploads\/2020\/04\/floater-1-100x100.png 100w\" sizes=\"(max-width: 931px) 100vw, 931px\" \/><\/span><\/div><\/div><\/div><\/div><\/div><\/div><\/div><\/div><!-- cell_inner --><\/div><!-- cell --><\/div><!-- port --><div class=\"bt_bb_section_bottom_section_coverage_image\"><img decoding=\"async\" src=\"https:\/\/denteliteglobal.com\/wp-content\/uploads\/2020\/01\/bottom-cover-2.png\" alt=\"bt_bb_section_bottom_section_coverage_image\" \/><\/div><\/section><section id=\"bt_bb_section69d26e98efa17\" class=\"bt_bb_section bt_bb_layout_boxed_1200 bt_bb_vertical_align_top bt_bb_top_spacing_large bt_bb_bottom_spacing_normal\"  data-bt-override-class=\"null\"><div class=\"bt_bb_port\"><div class=\"bt_bb_cell\"><div class=\"bt_bb_cell_inner\"><div class=\"bt_bb_row \"  data-bt-override-class=\"{}\"><div class=\"bt_bb_row_holder\" ><div  class=\"bt_bb_column col-xxl-6 col-xl-6 col-xs-12 col-sm-6 col-md-6 col-lg-6 bt_bb_vertical_align_top bt_bb_align_center bt_bb_padding_text_indent bt_bb_animation_fade_in move_up animate\"  data-width=\"6\" data-bt-override-class=\"{}\"><div class=\"bt_bb_column_content\"><div data-bb-version=\"4.5.4\" class=\"bt_bb_image bt_bb_shape_square bt_bb_target_self bt_bb_align_inherit bt_bb_hover_style_simple bt_bb_content_display_always bt_bb_content_align_middle\" style=\"max-width: 250px;\" data-bt-override-class=\"{&quot;bt_bb_align_&quot;:{&quot;current_class&quot;:&quot;bt_bb_align_inherit&quot;,&quot;def&quot;:&quot;inherit&quot;}}\"><a href=\"https:\/\/denteliteglobal.com\/doctors\/dr-sinan-erkip\"  target=\"_self\" title=\"doctor-01-8bit\"><img decoding=\"async\" width=\"859\" height=\"859\" src=\"https:\/\/denteliteglobal.com\/wp-content\/uploads\/2023\/04\/doctor-01-8bit.png\" class=\"attachment-full size-full\" alt=\"https:\/\/denteliteglobal.com\/wp-content\/uploads\/2023\/04\/doctor-01-8bit.png\" data-full_image_src=\"https:\/\/denteliteglobal.com\/wp-content\/uploads\/2023\/04\/doctor-01-8bit.png\" title=\"doctor-01-8bit\" srcset=\"https:\/\/denteliteglobal.com\/wp-content\/uploads\/2023\/04\/doctor-01-8bit.png 859w, https:\/\/denteliteglobal.com\/wp-content\/uploads\/2023\/04\/doctor-01-8bit-640x640.png 640w, https:\/\/denteliteglobal.com\/wp-content\/uploads\/2023\/04\/doctor-01-8bit-160x160.png 160w, https:\/\/denteliteglobal.com\/wp-content\/uploads\/2023\/04\/doctor-01-8bit-768x768.png 768w, https:\/\/denteliteglobal.com\/wp-content\/uploads\/2023\/04\/doctor-01-8bit-320x320.png 320w, https:\/\/denteliteglobal.com\/wp-content\/uploads\/2023\/04\/doctor-01-8bit-300x300.png 300w, https:\/\/denteliteglobal.com\/wp-content\/uploads\/2023\/04\/doctor-01-8bit-600x600.png 600w, https:\/\/denteliteglobal.com\/wp-content\/uploads\/2023\/04\/doctor-01-8bit-100x100.png 100w\" sizes=\"(max-width: 859px) 100vw, 859px\" \/><\/a><\/div><div class=\"bt_bb_separator bt_bb_border_style_none bt_bb_bottom_spacing_small\" data-bt-override-class=\"null\"><\/div><header class=\"bt_bb_headline bt_bb_subheadline_text_transform_default bt_bb_color_scheme_17 bt_bb_dash_none bt_bb_subheadline bt_bb_size_normal bt_bb_align_inherit bt_bb_dash_type_none\" style=\"; --primary-color:#333c4a; --secondary-color:#fdabb7;\" data-bt-override-class=\"{&quot;bt_bb_size_&quot;:{&quot;current_class&quot;:&quot;bt_bb_size_normal&quot;,&quot;def&quot;:&quot;normal&quot;,&quot;xl&quot;:&quot;normal&quot;},&quot;bt_bb_align_&quot;:{&quot;current_class&quot;:&quot;bt_bb_align_inherit&quot;,&quot;def&quot;:&quot;inherit&quot;,&quot;xl&quot;:&quot;inherit&quot;}}\"><h3 class=\"bt_bb_headline_tag\"><span class=\"bt_bb_headline_content\"><span>Sinan <strong>Erkip<\/strong><\/span><\/span><\/h3><div class=\"bt_bb_headline_subheadline\">DOCTOR der DENTALCHIRURGIE<\/div><\/header><div class=\"bt_bb_separator bt_bb_border_style_none bt_bb_bottom_spacing_small\" data-bt-override-class=\"null\"><\/div><div  class=\"bt_bb_text\" ><\/p>\n<p>Dr. Sinan Erkip ist bestrebt, seinen Patienten den bestm\u00f6glichen Zahnschutz und ein \u00e4sthetisch ansprechendes L\u00e4cheln zu bieten.<\/p>\n<p>\n<\/div><div class=\"bt_bb_separator bt_bb_border_style_none bt_bb_bottom_spacing_normal\" data-bt-override-class=\"null\"><\/div><\/div><\/div><div  class=\"bt_bb_column col-xxl-6 col-xl-6 col-xs-12 col-sm-6 col-md-6 col-lg-6 bt_bb_vertical_align_top bt_bb_align_center bt_bb_padding_text_indent bt_bb_animation_fade_in move_up animate\"  data-width=\"6\" data-bt-override-class=\"{}\"><div class=\"bt_bb_column_content\"><div data-bb-version=\"4.5.4\" class=\"bt_bb_image bt_bb_shape_square bt_bb_target_self bt_bb_align_inherit bt_bb_hover_style_simple bt_bb_content_display_always bt_bb_content_align_middle\" style=\"max-width: 250px;\" data-bt-override-class=\"{&quot;bt_bb_align_&quot;:{&quot;current_class&quot;:&quot;bt_bb_align_inherit&quot;,&quot;def&quot;:&quot;inherit&quot;}}\"><a href=\"https:\/\/denteliteglobal.com\/doctors\/dr-aysun-alkan\"  target=\"_self\" title=\"doctor-03-8bit\"><img decoding=\"async\" width=\"859\" height=\"859\" src=\"https:\/\/denteliteglobal.com\/wp-content\/uploads\/2023\/04\/doctor-03-8bit.png\" class=\"attachment-full size-full\" alt=\"https:\/\/denteliteglobal.com\/wp-content\/uploads\/2023\/04\/doctor-03-8bit.png\" data-full_image_src=\"https:\/\/denteliteglobal.com\/wp-content\/uploads\/2023\/04\/doctor-03-8bit.png\" title=\"doctor-03-8bit\" srcset=\"https:\/\/denteliteglobal.com\/wp-content\/uploads\/2023\/04\/doctor-03-8bit.png 859w, https:\/\/denteliteglobal.com\/wp-content\/uploads\/2023\/04\/doctor-03-8bit-640x640.png 640w, https:\/\/denteliteglobal.com\/wp-content\/uploads\/2023\/04\/doctor-03-8bit-160x160.png 160w, https:\/\/denteliteglobal.com\/wp-content\/uploads\/2023\/04\/doctor-03-8bit-768x768.png 768w, https:\/\/denteliteglobal.com\/wp-content\/uploads\/2023\/04\/doctor-03-8bit-320x320.png 320w, https:\/\/denteliteglobal.com\/wp-content\/uploads\/2023\/04\/doctor-03-8bit-300x300.png 300w, https:\/\/denteliteglobal.com\/wp-content\/uploads\/2023\/04\/doctor-03-8bit-600x600.png 600w, https:\/\/denteliteglobal.com\/wp-content\/uploads\/2023\/04\/doctor-03-8bit-100x100.png 100w\" sizes=\"(max-width: 859px) 100vw, 859px\" \/><\/a><\/div><div class=\"bt_bb_separator bt_bb_border_style_none bt_bb_bottom_spacing_small\" data-bt-override-class=\"null\"><\/div><header class=\"bt_bb_headline bt_bb_subheadline_text_transform_default bt_bb_color_scheme_17 bt_bb_dash_none bt_bb_subheadline bt_bb_size_normal bt_bb_align_inherit bt_bb_dash_type_none\" style=\"; --primary-color:#333c4a; --secondary-color:#fdabb7;\" data-bt-override-class=\"{&quot;bt_bb_size_&quot;:{&quot;current_class&quot;:&quot;bt_bb_size_normal&quot;,&quot;def&quot;:&quot;normal&quot;,&quot;xl&quot;:&quot;normal&quot;},&quot;bt_bb_align_&quot;:{&quot;current_class&quot;:&quot;bt_bb_align_inherit&quot;,&quot;def&quot;:&quot;inherit&quot;,&quot;xl&quot;:&quot;inherit&quot;}}\"><h3 class=\"bt_bb_headline_tag\"><span class=\"bt_bb_headline_content\"><span>Aysun <strong>Alkan<\/strong><\/span><\/span><\/h3><div class=\"bt_bb_headline_subheadline\">DOCTOR der DENTALCHIRURGIE<\/div><\/header><div class=\"bt_bb_separator bt_bb_border_style_none bt_bb_bottom_spacing_small\" data-bt-override-class=\"null\"><\/div><div  class=\"bt_bb_text\" ><\/p>\n<p>Dr. Aysun Alkan ist eine leidenschaftliche Zahn\u00e4rztin, die sich f\u00fcr schmerzfreie Wurzelbehandlungen, \u00e4sthetische F\u00fcllungen und Smile Design interessiert.<\/p>\n<p>\n<\/div><div class=\"bt_bb_separator bt_bb_border_style_none bt_bb_bottom_spacing_normal\" data-bt-override-class=\"null\"><\/div><\/div><\/div><\/div><\/div><\/div><!-- cell_inner --><\/div><!-- cell --><\/div><!-- port --><\/section><section id=\"bt_bb_section69d26e98f0758\" class=\"bt_bb_section bt_bb_layout_boxed_1200\"  data-bt-override-class=\"null\"><div class=\"bt_bb_port\"><div class=\"bt_bb_cell\"><div class=\"bt_bb_cell_inner\"><div class=\"bt_bb_row \"  data-bt-override-class=\"{}\"><div class=\"bt_bb_row_holder\" ><div  class=\"bt_bb_column col-xxl-12 col-xl-12 col-xs-12 col-sm-12 col-md-12 col-lg-12 bt_bb_vertical_align_top bt_bb_align_left bt_bb_padding_normal\"  data-width=\"12\" data-bt-override-class=\"{}\"><div class=\"bt_bb_column_content\"><div class=\"bt_bb_separator bt_bb_border_style_none bt_bb_top_spacing_large bt_bb_bottom_spacing_none\" data-bt-override-class=\"{&quot;bt_bb_top_spacing_&quot;:{&quot;current_class&quot;:&quot;bt_bb_top_spacing_large&quot;,&quot;def&quot;:&quot;large&quot;,&quot;xl&quot;:&quot;large&quot;},&quot;bt_bb_bottom_spacing_&quot;:{&quot;current_class&quot;:&quot;bt_bb_bottom_spacing_none&quot;,&quot;def&quot;:&quot;none&quot;,&quot;xl&quot;:&quot;none&quot;}}\"><\/div><\/div><\/div><\/div><\/div><\/div><!-- cell_inner --><\/div><!-- cell --><\/div><!-- port --><\/section><\/p>\n","protected":false},"excerpt":{"rendered":"<p>Effiziente F\u00f6rderung marktgetriebener Innovationen durch Open-Source-Anpassungen. Engagieren Sie Informationsvermittler mit hohem Gewinn und nicht kundenzentrierte Imperative. Effiziente Initiierung von Weltklasse-Anwendungen nach kundenorientierten Infomedien.<\/p>\n","protected":false},"author":1,"featured_media":0,"parent":3545,"menu_order":0,"comment_status":"closed","ping_status":"closed","template":"","meta":{"footnotes":""},"class_list":["post-3555","page","type-page","status-publish","hentry"],"yoast_head":"<!-- This site is optimized with the Yoast SEO plugin v27.3 - https:\/\/yoast.com\/product\/yoast-seo-wordpress\/ -->\n<title>\u00c4rzte &#8212; Dentelite Global<\/title>\n<meta name=\"robots\" content=\"index, follow, max-snippet:-1, max-image-preview:large, max-video-preview:-1\" \/>\n<link rel=\"canonical\" href=\"https:\/\/denteliteglobal.com\/de\/ueber-uns\/aerzte\" \/>\n<meta property=\"og:locale\" content=\"de_DE\" \/>\n<meta property=\"og:type\" content=\"article\" \/>\n<meta property=\"og:title\" content=\"\u00c4rzte &#8212; Dentelite Global\" \/>\n<meta property=\"og:description\" content=\"Effiziente F\u00f6rderung marktgetriebener Innovationen durch Open-Source-Anpassungen. Engagieren Sie Informationsvermittler mit hohem Gewinn und nicht kundenzentrierte Imperative. Effiziente Initiierung von Weltklasse-Anwendungen nach kundenorientierten Infomedien.\" \/>\n<meta property=\"og:url\" content=\"https:\/\/denteliteglobal.com\/de\/ueber-uns\/aerzte\" \/>\n<meta property=\"og:site_name\" content=\"Dentelite Global\" \/>\n<meta property=\"article:publisher\" content=\"https:\/\/www.facebook.com\/Dentelitedentistry\/\" \/>\n<meta property=\"article:modified_time\" content=\"2023-06-26T12:47:34+00:00\" \/>\n<meta property=\"og:image\" content=\"https:\/\/denteliteglobal.com\/wp-content\/uploads\/2022\/07\/logo-CureInTurkiye.png\" \/>\n\t<meta property=\"og:image:width\" content=\"860\" \/>\n\t<meta property=\"og:image:height\" content=\"300\" \/>\n\t<meta property=\"og:image:type\" content=\"image\/png\" \/>\n<meta name=\"twitter:card\" content=\"summary_large_image\" \/>\n<meta name=\"twitter:label1\" content=\"Gesch\u00e4tzte Lesezeit\" \/>\n\t<meta name=\"twitter:data1\" content=\"3\u00a0Minuten\" \/>\n<script type=\"application\/ld+json\" class=\"yoast-schema-graph\">{\"@context\":\"https:\\\/\\\/schema.org\",\"@graph\":[{\"@type\":\"WebPage\",\"@id\":\"https:\\\/\\\/denteliteglobal.com\\\/de\\\/ueber-uns\\\/aerzte\",\"url\":\"https:\\\/\\\/denteliteglobal.com\\\/de\\\/ueber-uns\\\/aerzte\",\"name\":\"\u00c4rzte &#8212; Dentelite Global\",\"isPartOf\":{\"@id\":\"https:\\\/\\\/denteliteglobal.com\\\/de#website\"},\"datePublished\":\"2019-12-30T11:27:29+00:00\",\"dateModified\":\"2023-06-26T12:47:34+00:00\",\"breadcrumb\":{\"@id\":\"https:\\\/\\\/denteliteglobal.com\\\/de\\\/ueber-uns\\\/aerzte#breadcrumb\"},\"inLanguage\":\"de\",\"potentialAction\":[{\"@type\":\"ReadAction\",\"target\":[\"https:\\\/\\\/denteliteglobal.com\\\/de\\\/ueber-uns\\\/aerzte\"]}]},{\"@type\":\"BreadcrumbList\",\"@id\":\"https:\\\/\\\/denteliteglobal.com\\\/de\\\/ueber-uns\\\/aerzte#breadcrumb\",\"itemListElement\":[{\"@type\":\"ListItem\",\"position\":1,\"name\":\"Home\",\"item\":\"https:\\\/\\\/denteliteglobal.com\\\/de\"},{\"@type\":\"ListItem\",\"position\":2,\"name\":\"\u00dcber uns\",\"item\":\"https:\\\/\\\/denteliteglobal.com\\\/de\\\/ueber-uns\"},{\"@type\":\"ListItem\",\"position\":3,\"name\":\"\u00c4rzte\"}]},{\"@type\":\"WebSite\",\"@id\":\"https:\\\/\\\/denteliteglobal.com\\\/de#website\",\"url\":\"https:\\\/\\\/denteliteglobal.com\\\/de\",\"name\":\"Dentelite Global\",\"description\":\"Time to Smile!\",\"publisher\":{\"@id\":\"https:\\\/\\\/denteliteglobal.com\\\/de#organization\"},\"potentialAction\":[{\"@type\":\"SearchAction\",\"target\":{\"@type\":\"EntryPoint\",\"urlTemplate\":\"https:\\\/\\\/denteliteglobal.com\\\/de?s={search_term_string}\"},\"query-input\":{\"@type\":\"PropertyValueSpecification\",\"valueRequired\":true,\"valueName\":\"search_term_string\"}}],\"inLanguage\":\"de\"},{\"@type\":\"Organization\",\"@id\":\"https:\\\/\\\/denteliteglobal.com\\\/de#organization\",\"name\":\"Dentelite Global\",\"url\":\"https:\\\/\\\/denteliteglobal.com\\\/de\",\"logo\":{\"@type\":\"ImageObject\",\"inLanguage\":\"de\",\"@id\":\"https:\\\/\\\/denteliteglobal.com\\\/de#\\\/schema\\\/logo\\\/image\\\/\",\"url\":\"https:\\\/\\\/denteliteglobal.com\\\/wp-content\\\/uploads\\\/2023\\\/02\\\/dg-logo-3.png\",\"contentUrl\":\"https:\\\/\\\/denteliteglobal.com\\\/wp-content\\\/uploads\\\/2023\\\/02\\\/dg-logo-3.png\",\"width\":1200,\"height\":600,\"caption\":\"Dentelite Global\"},\"image\":{\"@id\":\"https:\\\/\\\/denteliteglobal.com\\\/de#\\\/schema\\\/logo\\\/image\\\/\"},\"sameAs\":[\"https:\\\/\\\/www.facebook.com\\\/Dentelitedentistry\\\/\",\"https:\\\/\\\/www.instagram.com\\\/dentelite_dentistry\\\/\"]}]}<\/script>\n<!-- \/ Yoast SEO plugin. -->","yoast_head_json":{"title":"\u00c4rzte &#8212; Dentelite Global","robots":{"index":"index","follow":"follow","max-snippet":"max-snippet:-1","max-image-preview":"max-image-preview:large","max-video-preview":"max-video-preview:-1"},"canonical":"https:\/\/denteliteglobal.com\/de\/ueber-uns\/aerzte","og_locale":"de_DE","og_type":"article","og_title":"\u00c4rzte &#8212; Dentelite Global","og_description":"Effiziente F\u00f6rderung marktgetriebener Innovationen durch Open-Source-Anpassungen. Engagieren Sie Informationsvermittler mit hohem Gewinn und nicht kundenzentrierte Imperative. Effiziente Initiierung von Weltklasse-Anwendungen nach kundenorientierten Infomedien.","og_url":"https:\/\/denteliteglobal.com\/de\/ueber-uns\/aerzte","og_site_name":"Dentelite Global","article_publisher":"https:\/\/www.facebook.com\/Dentelitedentistry\/","article_modified_time":"2023-06-26T12:47:34+00:00","og_image":[{"width":860,"height":300,"url":"https:\/\/denteliteglobal.com\/wp-content\/uploads\/2022\/07\/logo-CureInTurkiye.png","type":"image\/png"}],"twitter_card":"summary_large_image","twitter_misc":{"Gesch\u00e4tzte Lesezeit":"3\u00a0Minuten"},"schema":{"@context":"https:\/\/schema.org","@graph":[{"@type":"WebPage","@id":"https:\/\/denteliteglobal.com\/de\/ueber-uns\/aerzte","url":"https:\/\/denteliteglobal.com\/de\/ueber-uns\/aerzte","name":"\u00c4rzte &#8212; Dentelite Global","isPartOf":{"@id":"https:\/\/denteliteglobal.com\/de#website"},"datePublished":"2019-12-30T11:27:29+00:00","dateModified":"2023-06-26T12:47:34+00:00","breadcrumb":{"@id":"https:\/\/denteliteglobal.com\/de\/ueber-uns\/aerzte#breadcrumb"},"inLanguage":"de","potentialAction":[{"@type":"ReadAction","target":["https:\/\/denteliteglobal.com\/de\/ueber-uns\/aerzte"]}]},{"@type":"BreadcrumbList","@id":"https:\/\/denteliteglobal.com\/de\/ueber-uns\/aerzte#breadcrumb","itemListElement":[{"@type":"ListItem","position":1,"name":"Home","item":"https:\/\/denteliteglobal.com\/de"},{"@type":"ListItem","position":2,"name":"\u00dcber uns","item":"https:\/\/denteliteglobal.com\/de\/ueber-uns"},{"@type":"ListItem","position":3,"name":"\u00c4rzte"}]},{"@type":"WebSite","@id":"https:\/\/denteliteglobal.com\/de#website","url":"https:\/\/denteliteglobal.com\/de","name":"Dentelite Global","description":"Time to Smile!","publisher":{"@id":"https:\/\/denteliteglobal.com\/de#organization"},"potentialAction":[{"@type":"SearchAction","target":{"@type":"EntryPoint","urlTemplate":"https:\/\/denteliteglobal.com\/de?s={search_term_string}"},"query-input":{"@type":"PropertyValueSpecification","valueRequired":true,"valueName":"search_term_string"}}],"inLanguage":"de"},{"@type":"Organization","@id":"https:\/\/denteliteglobal.com\/de#organization","name":"Dentelite Global","url":"https:\/\/denteliteglobal.com\/de","logo":{"@type":"ImageObject","inLanguage":"de","@id":"https:\/\/denteliteglobal.com\/de#\/schema\/logo\/image\/","url":"https:\/\/denteliteglobal.com\/wp-content\/uploads\/2023\/02\/dg-logo-3.png","contentUrl":"https:\/\/denteliteglobal.com\/wp-content\/uploads\/2023\/02\/dg-logo-3.png","width":1200,"height":600,"caption":"Dentelite Global"},"image":{"@id":"https:\/\/denteliteglobal.com\/de#\/schema\/logo\/image\/"},"sameAs":["https:\/\/www.facebook.com\/Dentelitedentistry\/","https:\/\/www.instagram.com\/dentelite_dentistry\/"]}]}},"_links":{"self":[{"href":"https:\/\/denteliteglobal.com\/de\/wp-json\/wp\/v2\/pages\/3555","targetHints":{"allow":["GET"]}}],"collection":[{"href":"https:\/\/denteliteglobal.com\/de\/wp-json\/wp\/v2\/pages"}],"about":[{"href":"https:\/\/denteliteglobal.com\/de\/wp-json\/wp\/v2\/types\/page"}],"author":[{"embeddable":true,"href":"https:\/\/denteliteglobal.com\/de\/wp-json\/wp\/v2\/users\/1"}],"replies":[{"embeddable":true,"href":"https:\/\/denteliteglobal.com\/de\/wp-json\/wp\/v2\/comments?post=3555"}],"version-history":[{"count":0,"href":"https:\/\/denteliteglobal.com\/de\/wp-json\/wp\/v2\/pages\/3555\/revisions"}],"up":[{"embeddable":true,"href":"https:\/\/denteliteglobal.com\/de\/wp-json\/wp\/v2\/pages\/3545"}],"wp:attachment":[{"href":"https:\/\/denteliteglobal.com\/de\/wp-json\/wp\/v2\/media?parent=3555"}],"curies":[{"name":"wp","href":"https:\/\/api.w.org\/{rel}","templated":true}]}}