{"id":3495,"date":"2023-01-24T13:02:16","date_gmt":"2023-01-24T13:02:16","guid":{"rendered":"https:\/\/denteliteglobal.com\/how-does-the-process-work"},"modified":"2023-03-01T21:48:05","modified_gmt":"2023-03-01T21:48:05","slug":"wie-funktioniert-der-prozess","status":"publish","type":"page","link":"https:\/\/denteliteglobal.com\/de\/entdecken-sie\/wie-funktioniert-der-prozess","title":{"rendered":"Wie funktioniert der Prozess?"},"content":{"rendered":"<p><section id=\"bt_bb_section69d26ebb7519f\" class=\"bt_bb_section bt_bb_layout_boxed_1200 bt_bb_vertical_align_top bt_bb_bottom_section_coverage_image bt_bb_section_with_bottom_coverage_image bt_bb_top_spacing_medium\" style=\";background-color:#fdabb7;\" data-bt-override-class=\"null\"><div class=\"bt_bb_background_image_holder_wrapper\"><div class=\"bt_bb_background_image_holder btLazyLoadBackground bt_bb_parallax\"  data-background_image_src=\"https:\/\/denteliteglobal.com\/wp-content\/uploads\/2020\/04\/bgn-blurb-1.png\" data-parallax=\"0.6\" data-parallax-offset=\"0\" data-parallax-zoom-start=\"1\" data-parallax-zoom-end=\"1\" data-parallax-blur-start=\"0\" data-parallax-blur-end=\"0\" data-parallax-opacity-start=\"1\" data-parallax-opacity-end=\"1\" style=\" background-image: url(&#039;https:\/\/denteliteglobal.com\/wp-content\/plugins\/bold-page-builder\/img\/blank.gif&#039;);\"><\/div><\/div><div class=\"bt_bb_port\"><div class=\"bt_bb_cell\"><div class=\"bt_bb_cell_inner\"><div class=\"bt_bb_row \"  data-bt-override-class=\"{}\"><div class=\"bt_bb_row_holder\" ><div  class=\"bt_bb_column col-xxl-6 col-xl-6 bt_bb_vertical_align_bottom bt_bb_align_left bt_bb_padding_normal\"  data-width=\"6\" data-bt-override-class=\"{}\"><div class=\"bt_bb_column_content\"><div class=\"bt_bb_separator bt_bb_border_style_none bt_bb_bottom_spacing_medium\" data-bt-override-class=\"null\"><\/div><header class=\"bt_bb_headline bt_bb_font_weight_bold bt_bb_subheadline_text_transform_default bt_bb_color_scheme_11 bt_bb_dash_none bt_bb_subheadline bt_bb_size_huge bt_bb_align_inherit bt_bb_dash_type_none\" style=\"; --primary-color:#ffffff; --secondary-color:#333c4a;\" data-bt-override-class=\"{&quot;bt_bb_size_&quot;:{&quot;current_class&quot;:&quot;bt_bb_size_huge&quot;,&quot;def&quot;:&quot;huge&quot;,&quot;xl&quot;:&quot;huge&quot;},&quot;bt_bb_align_&quot;:{&quot;current_class&quot;:&quot;bt_bb_align_inherit&quot;,&quot;def&quot;:&quot;inherit&quot;,&quot;xl&quot;:&quot;inherit&quot;}}\"><h1 class=\"bt_bb_headline_tag\"><span class=\"bt_bb_headline_content\"><span><small>Wie funktioniert<\/small><br \/><br \/>\n<s>der Prozess?<\/s><\/span><\/span><\/h1><div class=\"bt_bb_headline_subheadline\">Der Prozess des Medizintourismus umfasst in der Regel mehrere Schritte. <\/div><\/header><div class=\"bt_bb_separator bt_bb_border_style_none bt_bb_bottom_spacing_large\" data-bt-override-class=\"null\"><\/div><\/div><\/div><div  class=\"bt_bb_column col-xxl-6 col-xl-6 bt_bb_vertical_align_bottom bt_bb_align_center bt_bb_padding_normal bt_bb_animation_fade_in move_up animate\" style=\"position: relative;\" data-width=\"6\" data-bt-override-class=\"{}\"><div class=\"bt_bb_column_content\"><div class=\"bt_bb_image bt_bb_shape_square bt_bb_target_self bt_bb_align_inherit bt_bb_hover_style_simple bt_bb_content_display_always bt_bb_content_align_middle\" style=\"max-width: 560px;\" data-bt-override-class=\"{}\"><span><img fetchpriority=\"high\" decoding=\"async\" width=\"931\" height=\"840\" src=\"https:\/\/denteliteglobal.com\/wp-content\/uploads\/2020\/04\/img-people.png\" class=\"attachment-full size-full\" alt=\"https:\/\/denteliteglobal.com\/wp-content\/uploads\/2020\/04\/img-people.png\" data-full_image_src=\"https:\/\/denteliteglobal.com\/wp-content\/uploads\/2020\/04\/img-people.png\" loading=\"eager\" srcset=\"https:\/\/denteliteglobal.com\/wp-content\/uploads\/2020\/04\/img-people.png 931w, https:\/\/denteliteglobal.com\/wp-content\/uploads\/2020\/04\/img-people-640x577.png 640w, https:\/\/denteliteglobal.com\/wp-content\/uploads\/2020\/04\/img-people-768x693.png 768w, https:\/\/denteliteglobal.com\/wp-content\/uploads\/2020\/04\/img-people-320x289.png 320w, https:\/\/denteliteglobal.com\/wp-content\/uploads\/2020\/04\/img-people-600x541.png 600w\" sizes=\"(max-width: 931px) 100vw, 931px\" \/><\/span><\/div><div class=\"bt_bb_floating_image bt_bb_floating_image_horizontal_position_center bt_bb_floating_image_vertical_position_bottom bt_bb_floating_image_animation_delay_default bt_bb_floating_image_animation_duration_default bt_bb_floating_image_animation_style_ease_out\" style=\"max-width: 520px;\" data-speed=\"1.0\"><div class=\"bt_bb_floating_image_image\" data-speed=\"1.0\"><div class=\"bt_bb_image\" data-bt-override-class=\"{}\"><span><img decoding=\"async\" width=\"931\" height=\"942\" src=\"https:\/\/denteliteglobal.com\/wp-content\/uploads\/2020\/04\/floater-1.png\" class=\"attachment-full size-full\" alt=\"https:\/\/denteliteglobal.com\/wp-content\/uploads\/2020\/04\/floater-1.png\" data-full_image_src=\"https:\/\/denteliteglobal.com\/wp-content\/uploads\/2020\/04\/floater-1.png\" title=\"floater-1\" loading=\"eager\" srcset=\"https:\/\/denteliteglobal.com\/wp-content\/uploads\/2020\/04\/floater-1.png 931w, https:\/\/denteliteglobal.com\/wp-content\/uploads\/2020\/04\/floater-1-640x648.png 640w, https:\/\/denteliteglobal.com\/wp-content\/uploads\/2020\/04\/floater-1-768x777.png 768w, https:\/\/denteliteglobal.com\/wp-content\/uploads\/2020\/04\/floater-1-320x324.png 320w, https:\/\/denteliteglobal.com\/wp-content\/uploads\/2020\/04\/floater-1-600x607.png 600w, https:\/\/denteliteglobal.com\/wp-content\/uploads\/2020\/04\/floater-1-100x100.png 100w\" sizes=\"(max-width: 931px) 100vw, 931px\" \/><\/span><\/div><\/div><\/div><\/div><\/div><\/div><\/div><\/div><!-- cell_inner --><\/div><!-- cell --><\/div><!-- port --><div class=\"bt_bb_section_bottom_section_coverage_image\"><img decoding=\"async\" src=\"https:\/\/denteliteglobal.com\/wp-content\/uploads\/2020\/01\/bottom-cover-2.png\" alt=\"bt_bb_section_bottom_section_coverage_image\" \/><\/div><\/section><section id=\"bt_bb_section69d26ebb75ddd\" class=\"bt_bb_section bt_bb_layout_boxed_1200 bt_bb_vertical_align_top bt_bb_top_spacing_large bt_bb_bottom_spacing_medium\"  data-bt-override-class=\"null\"><div class=\"bt_bb_port\"><div class=\"bt_bb_cell\"><div class=\"bt_bb_cell_inner\"><div class=\"bt_bb_row  bt_bb_column_gap_60\" style=\"; --column-gap:60px;\" data-bt-override-class=\"{}\"><div class=\"bt_bb_row_holder\" ><div  class=\"bt_bb_column col-xxl-8 col-xl-8 bt_bb_vertical_align_top bt_bb_align_left bt_bb_padding_normal bt_bb_animation_fade_in animate\" style=\"border-right: 1px solid rgba(34,34,34,.1);\" data-width=\"8\" data-bt-override-class=\"{}\"><div class=\"bt_bb_column_content\"><div  class=\"bt_bb_text\" ><\/p>\n<p><strong>Schritt 1: Kontaktieren Sie uns<\/strong><\/p>\n<p>Kontaktieren Sie uns f\u00fcr eine kostenlose Kostensch\u00e4tzung und detaillierte Informationen zu den Behandlungen, die Sie interessieren.<\/p>\n<p><strong>Schritt 2: Behandlungsplanung<\/strong><\/p>\n<p>Unsere \u00c4rzte beurteilen die medizinische Vorgeschichte und den Zustand des Patienten. Bevor ein personalisierter Behandlungsplan erstellt wird, werden Dokumente wie Operations- und Untersuchungsberichte, R\u00f6ntgenaufnahmen und Laborergebnisse von unseren Fachleuten \u00fcberpr\u00fcft.<\/p>\n<p><strong>Schritt 3: Finanzielle Details<\/strong><\/p>\n<p>Sobald der Behandlungsplan erstellt wurde, arbeiten wir an der Kostensch\u00e4tzung. Wir stellen eine Pro-Forma-Rechnung aus, in der der Behandlungsplan, Geb\u00fchren und m\u00f6gliche \u00c4nderungen detailliert aufgef\u00fchrt sind. Bitte beachten Sie, dass dies nur Sch\u00e4tzungen sind und unvorhergesehene Ereignisse die endg\u00fcltige Rechnung beeinflussen k\u00f6nnen.<\/p>\n<p><strong>Schritt 4: Visum-Antr\u00e4ge<\/strong><\/p>\n<p>Besuchen Sie die Website des t\u00fcrkischen Au\u00dfenministeriums, w\u00e4hlen Sie Ihr Land aus und lesen Sie die Informationen f\u00fcr Inhaber von regul\u00e4ren Reisep\u00e4ssen. Um Ihnen bei der Beantragung des Visums zu helfen, bereiten wir die notwendigen Unterlagen vor und \u00fcbermitteln sie. Der Visa-Antragsprozess wird durch offizielle Ernennungsschreiben unserer \u00c4rzte erleichtert.<\/p>\n<p><strong>Schritt 5: Transfer und Assistenz<\/strong><\/p>\n<p>Wenn n\u00f6tig, kann unser Partner &#8222;cureinturkiye&#8220; Ihnen bei der Bereitstellung von privatem Transport zwischen Flughafen, Hotel und Klinik behilflich sein. Ihr Patientenkoordinator begleitet Sie durch alle Prozesse, um Sie zu unterst\u00fctzen.<\/p>\n<p><strong>Schritt 6: Unterkunft<\/strong><\/p>\n<p>Wenn n\u00f6tig, kann unser Partner &#8222;cureinturkiye&#8220; Ihnen bei der Suche nach verschiedenen Unterkunftsalternativen entsprechend Ihren Bed\u00fcrfnissen und Ihrem Budget behilflich sein. Vertrags-Hotels sind in der N\u00e4he unserer Kliniken.<\/p>\n<p><strong>28 Jahre Erfahrung<\/strong><\/p>\n<p>Gegr\u00fcndet von \u00c4rzten, die seit ccc in der zahnmedizinischen Branche der T\u00fcrkei arbeiten, versteht We, was Patienten f\u00fcr eine erfolgreiche Behandlungserfahrung ben\u00f6tigen, w\u00fcnschen und erwarten. Durch die Zusammenarbeit mit renommierten \u00c4rzten garantieren wir einen hohen Qualit\u00e4tsstandard und erfolgreiche Ergebnisse.<\/p>\n<p>\n<\/div><\/div><\/div><div  class=\"bt_bb_column col-xxl-4 col-xl-4 bt_bb_vertical_align_top bt_bb_align_left bt_bb_padding_normal bt_bb_animation_fade_in animate\"  data-width=\"4\" data-bt-override-class=\"{}\"><div class=\"bt_bb_column_content\"><div class=\"bt_bb_custom_menu bt_bb_direction_vertical\"><div class=\"menu-discover-menu-german-container\"><ul id=\"menu-discover-menu-german\" class=\"menu\"><li id=\"menu-item-4245\" class=\"menu-item menu-item-type-post_type menu-item-object-page menu-item-4245\"><a href=\"https:\/\/denteliteglobal.com\/de\/entdecken-sie\/warum-medizintourismus\">Warum Medizintourismus?<\/a><\/li>\n<li id=\"menu-item-4246\" class=\"menu-item menu-item-type-post_type menu-item-object-page menu-item-4246\"><a href=\"https:\/\/denteliteglobal.com\/de\/entdecken-sie\/warum-istanbul\">Warum Istanbul?<\/a><\/li>\n<li id=\"menu-item-4247\" class=\"menu-item menu-item-type-post_type menu-item-object-page menu-item-4247\"><a href=\"https:\/\/denteliteglobal.com\/de\/entdecken-sie\/ist-es-sicher\">Ist es sicher?<\/a><\/li>\n<li id=\"menu-item-4248\" class=\"menu-item menu-item-type-post_type menu-item-object-page menu-item-4248\"><a href=\"https:\/\/denteliteglobal.com\/de\/entdecken-sie\/wie-funktioniert-der-prozess\">Wie funktioniert der Prozess?<\/a><\/li>\n<\/ul><\/div><\/div><div class=\"bt_bb_separator bt_bb_border_style_none bt_bb_top_spacing_medium\" data-bt-override-class=\"null\"><\/div><\/div><\/div><\/div><\/div><div class=\"bt_bb_row \"  data-bt-override-class=\"{}\"><div class=\"bt_bb_row_holder\" ><div  class=\"bt_bb_column col-xxl-12 col-xl-12 bt_bb_vertical_align_top bt_bb_align_left bt_bb_padding_normal\"  data-width=\"12\" data-bt-override-class=\"{}\"><div class=\"bt_bb_column_content\"><div class=\"bt_bb_separator bt_bb_border_style_none bt_bb_top_spacing_small bt_bb_bottom_spacing_normal\" data-bt-override-class=\"null\"><\/div><\/div><\/div><\/div><\/div><\/div><!-- cell_inner --><\/div><!-- cell --><\/div><!-- port --><\/section><\/p>\n","protected":false},"excerpt":{"rendered":"<p>Credibly innovate granular internal or organic sources whereas high standards in web-readiness. Energistically scale future-proof core competencies vis-a-vis impactful experiences. Dramatically synthesize integrated schemas with optimal networks.<\/p>\n","protected":false},"author":2,"featured_media":2755,"parent":3603,"menu_order":0,"comment_status":"closed","ping_status":"closed","template":"","meta":{"footnotes":""},"class_list":["post-3495","page","type-page","status-publish","has-post-thumbnail","hentry"],"yoast_head":"<!-- This site is optimized with the Yoast SEO plugin v27.3 - https:\/\/yoast.com\/product\/yoast-seo-wordpress\/ -->\n<title>Wie funktioniert der Prozess? &#8212; Dentelite Global<\/title>\n<meta name=\"robots\" content=\"index, follow, max-snippet:-1, max-image-preview:large, max-video-preview:-1\" \/>\n<link rel=\"canonical\" href=\"https:\/\/denteliteglobal.com\/de\/entdecken-sie\/wie-funktioniert-der-prozess\" \/>\n<meta property=\"og:locale\" content=\"de_DE\" \/>\n<meta property=\"og:type\" content=\"article\" \/>\n<meta property=\"og:title\" content=\"Wie funktioniert der Prozess? &#8212; Dentelite Global\" \/>\n<meta property=\"og:description\" content=\"Credibly innovate granular internal or organic sources whereas high standards in web-readiness. Energistically scale future-proof core competencies vis-a-vis impactful experiences. Dramatically synthesize integrated schemas with optimal networks.\" \/>\n<meta property=\"og:url\" content=\"https:\/\/denteliteglobal.com\/de\/entdecken-sie\/wie-funktioniert-der-prozess\" \/>\n<meta property=\"og:site_name\" content=\"Dentelite Global\" \/>\n<meta property=\"article:publisher\" content=\"https:\/\/www.facebook.com\/Dentelitedentistry\/\" \/>\n<meta property=\"article:modified_time\" content=\"2023-03-01T21:48:05+00:00\" \/>\n<meta property=\"og:image\" content=\"https:\/\/denteliteglobal.com\/wp-content\/uploads\/2020\/01\/post_10.jpg\" \/>\n\t<meta property=\"og:image:width\" content=\"1920\" \/>\n\t<meta property=\"og:image:height\" content=\"1200\" \/>\n\t<meta property=\"og:image:type\" content=\"image\/jpeg\" \/>\n<meta name=\"twitter:card\" content=\"summary_large_image\" \/>\n<meta name=\"twitter:label1\" content=\"Gesch\u00e4tzte Lesezeit\" \/>\n\t<meta name=\"twitter:data1\" content=\"3\u00a0Minuten\" \/>\n<script type=\"application\/ld+json\" class=\"yoast-schema-graph\">{\"@context\":\"https:\\\/\\\/schema.org\",\"@graph\":[{\"@type\":\"WebPage\",\"@id\":\"https:\\\/\\\/denteliteglobal.com\\\/de\\\/entdecken-sie\\\/wie-funktioniert-der-prozess\",\"url\":\"https:\\\/\\\/denteliteglobal.com\\\/de\\\/entdecken-sie\\\/wie-funktioniert-der-prozess\",\"name\":\"Wie funktioniert der Prozess? &#8212; Dentelite Global\",\"isPartOf\":{\"@id\":\"https:\\\/\\\/denteliteglobal.com\\\/de#website\"},\"primaryImageOfPage\":{\"@id\":\"https:\\\/\\\/denteliteglobal.com\\\/de\\\/entdecken-sie\\\/wie-funktioniert-der-prozess#primaryimage\"},\"image\":{\"@id\":\"https:\\\/\\\/denteliteglobal.com\\\/de\\\/entdecken-sie\\\/wie-funktioniert-der-prozess#primaryimage\"},\"thumbnailUrl\":\"https:\\\/\\\/denteliteglobal.com\\\/wp-content\\\/uploads\\\/2020\\\/01\\\/post_10.jpg\",\"datePublished\":\"2023-01-24T13:02:16+00:00\",\"dateModified\":\"2023-03-01T21:48:05+00:00\",\"breadcrumb\":{\"@id\":\"https:\\\/\\\/denteliteglobal.com\\\/de\\\/entdecken-sie\\\/wie-funktioniert-der-prozess#breadcrumb\"},\"inLanguage\":\"de\",\"potentialAction\":[{\"@type\":\"ReadAction\",\"target\":[\"https:\\\/\\\/denteliteglobal.com\\\/de\\\/entdecken-sie\\\/wie-funktioniert-der-prozess\"]}]},{\"@type\":\"ImageObject\",\"inLanguage\":\"de\",\"@id\":\"https:\\\/\\\/denteliteglobal.com\\\/de\\\/entdecken-sie\\\/wie-funktioniert-der-prozess#primaryimage\",\"url\":\"https:\\\/\\\/denteliteglobal.com\\\/wp-content\\\/uploads\\\/2020\\\/01\\\/post_10.jpg\",\"contentUrl\":\"https:\\\/\\\/denteliteglobal.com\\\/wp-content\\\/uploads\\\/2020\\\/01\\\/post_10.jpg\",\"width\":1920,\"height\":1200},{\"@type\":\"BreadcrumbList\",\"@id\":\"https:\\\/\\\/denteliteglobal.com\\\/de\\\/entdecken-sie\\\/wie-funktioniert-der-prozess#breadcrumb\",\"itemListElement\":[{\"@type\":\"ListItem\",\"position\":1,\"name\":\"Home\",\"item\":\"https:\\\/\\\/denteliteglobal.com\\\/de\"},{\"@type\":\"ListItem\",\"position\":2,\"name\":\"Wie funktioniert der Prozess?\"}]},{\"@type\":\"WebSite\",\"@id\":\"https:\\\/\\\/denteliteglobal.com\\\/de#website\",\"url\":\"https:\\\/\\\/denteliteglobal.com\\\/de\",\"name\":\"Dentelite Global\",\"description\":\"Time to Smile!\",\"publisher\":{\"@id\":\"https:\\\/\\\/denteliteglobal.com\\\/de#organization\"},\"potentialAction\":[{\"@type\":\"SearchAction\",\"target\":{\"@type\":\"EntryPoint\",\"urlTemplate\":\"https:\\\/\\\/denteliteglobal.com\\\/de?s={search_term_string}\"},\"query-input\":{\"@type\":\"PropertyValueSpecification\",\"valueRequired\":true,\"valueName\":\"search_term_string\"}}],\"inLanguage\":\"de\"},{\"@type\":\"Organization\",\"@id\":\"https:\\\/\\\/denteliteglobal.com\\\/de#organization\",\"name\":\"Dentelite Global\",\"url\":\"https:\\\/\\\/denteliteglobal.com\\\/de\",\"logo\":{\"@type\":\"ImageObject\",\"inLanguage\":\"de\",\"@id\":\"https:\\\/\\\/denteliteglobal.com\\\/de#\\\/schema\\\/logo\\\/image\\\/\",\"url\":\"https:\\\/\\\/denteliteglobal.com\\\/wp-content\\\/uploads\\\/2023\\\/02\\\/dg-logo-3.png\",\"contentUrl\":\"https:\\\/\\\/denteliteglobal.com\\\/wp-content\\\/uploads\\\/2023\\\/02\\\/dg-logo-3.png\",\"width\":1200,\"height\":600,\"caption\":\"Dentelite Global\"},\"image\":{\"@id\":\"https:\\\/\\\/denteliteglobal.com\\\/de#\\\/schema\\\/logo\\\/image\\\/\"},\"sameAs\":[\"https:\\\/\\\/www.facebook.com\\\/Dentelitedentistry\\\/\",\"https:\\\/\\\/www.instagram.com\\\/dentelite_dentistry\\\/\"]}]}<\/script>\n<!-- \/ Yoast SEO plugin. -->","yoast_head_json":{"title":"Wie funktioniert der Prozess? &#8212; Dentelite Global","robots":{"index":"index","follow":"follow","max-snippet":"max-snippet:-1","max-image-preview":"max-image-preview:large","max-video-preview":"max-video-preview:-1"},"canonical":"https:\/\/denteliteglobal.com\/de\/entdecken-sie\/wie-funktioniert-der-prozess","og_locale":"de_DE","og_type":"article","og_title":"Wie funktioniert der Prozess? &#8212; Dentelite Global","og_description":"Credibly innovate granular internal or organic sources whereas high standards in web-readiness. Energistically scale future-proof core competencies vis-a-vis impactful experiences. Dramatically synthesize integrated schemas with optimal networks.","og_url":"https:\/\/denteliteglobal.com\/de\/entdecken-sie\/wie-funktioniert-der-prozess","og_site_name":"Dentelite Global","article_publisher":"https:\/\/www.facebook.com\/Dentelitedentistry\/","article_modified_time":"2023-03-01T21:48:05+00:00","og_image":[{"width":1920,"height":1200,"url":"https:\/\/denteliteglobal.com\/wp-content\/uploads\/2020\/01\/post_10.jpg","type":"image\/jpeg"}],"twitter_card":"summary_large_image","twitter_misc":{"Gesch\u00e4tzte Lesezeit":"3\u00a0Minuten"},"schema":{"@context":"https:\/\/schema.org","@graph":[{"@type":"WebPage","@id":"https:\/\/denteliteglobal.com\/de\/entdecken-sie\/wie-funktioniert-der-prozess","url":"https:\/\/denteliteglobal.com\/de\/entdecken-sie\/wie-funktioniert-der-prozess","name":"Wie funktioniert der Prozess? &#8212; Dentelite Global","isPartOf":{"@id":"https:\/\/denteliteglobal.com\/de#website"},"primaryImageOfPage":{"@id":"https:\/\/denteliteglobal.com\/de\/entdecken-sie\/wie-funktioniert-der-prozess#primaryimage"},"image":{"@id":"https:\/\/denteliteglobal.com\/de\/entdecken-sie\/wie-funktioniert-der-prozess#primaryimage"},"thumbnailUrl":"https:\/\/denteliteglobal.com\/wp-content\/uploads\/2020\/01\/post_10.jpg","datePublished":"2023-01-24T13:02:16+00:00","dateModified":"2023-03-01T21:48:05+00:00","breadcrumb":{"@id":"https:\/\/denteliteglobal.com\/de\/entdecken-sie\/wie-funktioniert-der-prozess#breadcrumb"},"inLanguage":"de","potentialAction":[{"@type":"ReadAction","target":["https:\/\/denteliteglobal.com\/de\/entdecken-sie\/wie-funktioniert-der-prozess"]}]},{"@type":"ImageObject","inLanguage":"de","@id":"https:\/\/denteliteglobal.com\/de\/entdecken-sie\/wie-funktioniert-der-prozess#primaryimage","url":"https:\/\/denteliteglobal.com\/wp-content\/uploads\/2020\/01\/post_10.jpg","contentUrl":"https:\/\/denteliteglobal.com\/wp-content\/uploads\/2020\/01\/post_10.jpg","width":1920,"height":1200},{"@type":"BreadcrumbList","@id":"https:\/\/denteliteglobal.com\/de\/entdecken-sie\/wie-funktioniert-der-prozess#breadcrumb","itemListElement":[{"@type":"ListItem","position":1,"name":"Home","item":"https:\/\/denteliteglobal.com\/de"},{"@type":"ListItem","position":2,"name":"Wie funktioniert der Prozess?"}]},{"@type":"WebSite","@id":"https:\/\/denteliteglobal.com\/de#website","url":"https:\/\/denteliteglobal.com\/de","name":"Dentelite Global","description":"Time to Smile!","publisher":{"@id":"https:\/\/denteliteglobal.com\/de#organization"},"potentialAction":[{"@type":"SearchAction","target":{"@type":"EntryPoint","urlTemplate":"https:\/\/denteliteglobal.com\/de?s={search_term_string}"},"query-input":{"@type":"PropertyValueSpecification","valueRequired":true,"valueName":"search_term_string"}}],"inLanguage":"de"},{"@type":"Organization","@id":"https:\/\/denteliteglobal.com\/de#organization","name":"Dentelite Global","url":"https:\/\/denteliteglobal.com\/de","logo":{"@type":"ImageObject","inLanguage":"de","@id":"https:\/\/denteliteglobal.com\/de#\/schema\/logo\/image\/","url":"https:\/\/denteliteglobal.com\/wp-content\/uploads\/2023\/02\/dg-logo-3.png","contentUrl":"https:\/\/denteliteglobal.com\/wp-content\/uploads\/2023\/02\/dg-logo-3.png","width":1200,"height":600,"caption":"Dentelite Global"},"image":{"@id":"https:\/\/denteliteglobal.com\/de#\/schema\/logo\/image\/"},"sameAs":["https:\/\/www.facebook.com\/Dentelitedentistry\/","https:\/\/www.instagram.com\/dentelite_dentistry\/"]}]}},"_links":{"self":[{"href":"https:\/\/denteliteglobal.com\/de\/wp-json\/wp\/v2\/pages\/3495","targetHints":{"allow":["GET"]}}],"collection":[{"href":"https:\/\/denteliteglobal.com\/de\/wp-json\/wp\/v2\/pages"}],"about":[{"href":"https:\/\/denteliteglobal.com\/de\/wp-json\/wp\/v2\/types\/page"}],"author":[{"embeddable":true,"href":"https:\/\/denteliteglobal.com\/de\/wp-json\/wp\/v2\/users\/2"}],"replies":[{"embeddable":true,"href":"https:\/\/denteliteglobal.com\/de\/wp-json\/wp\/v2\/comments?post=3495"}],"version-history":[{"count":0,"href":"https:\/\/denteliteglobal.com\/de\/wp-json\/wp\/v2\/pages\/3495\/revisions"}],"up":[{"embeddable":true,"href":"https:\/\/denteliteglobal.com\/de\/wp-json\/wp\/v2\/pages\/3603"}],"wp:featuredmedia":[{"embeddable":true,"href":"https:\/\/denteliteglobal.com\/de\/wp-json\/wp\/v2\/media\/2755"}],"wp:attachment":[{"href":"https:\/\/denteliteglobal.com\/de\/wp-json\/wp\/v2\/media?parent=3495"}],"curies":[{"name":"wp","href":"https:\/\/api.w.org\/{rel}","templated":true}]}}