{"id":3485,"date":"2023-01-24T12:55:17","date_gmt":"2023-01-24T12:55:17","guid":{"rendered":"https:\/\/denteliteglobal.com\/why-istanbul"},"modified":"2023-03-01T21:23:20","modified_gmt":"2023-03-01T21:23:20","slug":"warum-istanbul","status":"publish","type":"page","link":"https:\/\/denteliteglobal.com\/de\/entdecken-sie\/warum-istanbul","title":{"rendered":"Warum Istanbul?"},"content":{"rendered":"<p><section id=\"bt_bb_section69d26ea53d1b6\" class=\"bt_bb_section bt_bb_layout_boxed_1200 bt_bb_vertical_align_top bt_bb_bottom_section_coverage_image bt_bb_section_with_bottom_coverage_image bt_bb_top_spacing_medium\" style=\";background-color:#fdabb7;\" data-bt-override-class=\"null\"><div class=\"bt_bb_background_image_holder_wrapper\"><div class=\"bt_bb_background_image_holder btLazyLoadBackground bt_bb_parallax\"  data-background_image_src=\"https:\/\/denteliteglobal.com\/wp-content\/uploads\/2020\/04\/bgn-blurb-1.png\" data-parallax=\"0.6\" data-parallax-offset=\"0\" data-parallax-zoom-start=\"1\" data-parallax-zoom-end=\"1\" data-parallax-blur-start=\"0\" data-parallax-blur-end=\"0\" data-parallax-opacity-start=\"1\" data-parallax-opacity-end=\"1\" style=\" background-image: url(&#039;https:\/\/denteliteglobal.com\/wp-content\/plugins\/bold-page-builder\/img\/blank.gif&#039;);\"><\/div><\/div><div class=\"bt_bb_port\"><div class=\"bt_bb_cell\"><div class=\"bt_bb_cell_inner\"><div class=\"bt_bb_row \"  data-bt-override-class=\"{}\"><div class=\"bt_bb_row_holder\" ><div  class=\"bt_bb_column col-xxl-6 col-xl-6 bt_bb_vertical_align_bottom bt_bb_align_left bt_bb_padding_normal\"  data-width=\"6\" data-bt-override-class=\"{}\"><div class=\"bt_bb_column_content\"><div class=\"bt_bb_separator bt_bb_border_style_none bt_bb_bottom_spacing_medium\" data-bt-override-class=\"null\"><\/div><header class=\"bt_bb_headline bt_bb_font_weight_bold bt_bb_subheadline_text_transform_default bt_bb_color_scheme_11 bt_bb_dash_none bt_bb_subheadline bt_bb_size_huge bt_bb_align_inherit bt_bb_dash_type_none\" style=\"; --primary-color:#ffffff; --secondary-color:#333c4a;\" data-bt-override-class=\"{&quot;bt_bb_size_&quot;:{&quot;current_class&quot;:&quot;bt_bb_size_huge&quot;,&quot;def&quot;:&quot;huge&quot;,&quot;xl&quot;:&quot;huge&quot;},&quot;bt_bb_align_&quot;:{&quot;current_class&quot;:&quot;bt_bb_align_inherit&quot;,&quot;def&quot;:&quot;inherit&quot;,&quot;xl&quot;:&quot;inherit&quot;}}\"><h1 class=\"bt_bb_headline_tag\"><span class=\"bt_bb_headline_content\"><span><small>Warum<\/small><br \/><br \/>\n<s>Istanbul?<\/s><\/span><\/span><\/h1><div class=\"bt_bb_headline_subheadline\">Istanbul ist aufgrund seiner fortschrittlichen Gesundheitseinrichtungen, hochqualifizierten medizinischen Fachkr\u00e4fte und erschwinglichen medizinischen Verfahren ein beliebtes Ziel f\u00fcr den Medizintourismus. <\/div><\/header><div class=\"bt_bb_separator bt_bb_border_style_none bt_bb_bottom_spacing_large\" data-bt-override-class=\"null\"><\/div><\/div><\/div><div  class=\"bt_bb_column col-xxl-6 col-xl-6 bt_bb_vertical_align_bottom bt_bb_align_center bt_bb_padding_normal bt_bb_animation_fade_in move_up animate\" style=\"position: relative;\" data-width=\"6\" data-bt-override-class=\"{}\"><div class=\"bt_bb_column_content\"><div class=\"bt_bb_image bt_bb_shape_square bt_bb_target_self bt_bb_align_inherit bt_bb_hover_style_simple bt_bb_content_display_always bt_bb_content_align_middle\" style=\"max-width: 560px;\" data-bt-override-class=\"{}\"><span><img fetchpriority=\"high\" decoding=\"async\" width=\"931\" height=\"840\" src=\"https:\/\/denteliteglobal.com\/wp-content\/uploads\/2020\/04\/img-people.png\" class=\"attachment-full size-full\" alt=\"https:\/\/denteliteglobal.com\/wp-content\/uploads\/2020\/04\/img-people.png\" data-full_image_src=\"https:\/\/denteliteglobal.com\/wp-content\/uploads\/2020\/04\/img-people.png\" loading=\"eager\" srcset=\"https:\/\/denteliteglobal.com\/wp-content\/uploads\/2020\/04\/img-people.png 931w, https:\/\/denteliteglobal.com\/wp-content\/uploads\/2020\/04\/img-people-640x577.png 640w, https:\/\/denteliteglobal.com\/wp-content\/uploads\/2020\/04\/img-people-768x693.png 768w, https:\/\/denteliteglobal.com\/wp-content\/uploads\/2020\/04\/img-people-320x289.png 320w, https:\/\/denteliteglobal.com\/wp-content\/uploads\/2020\/04\/img-people-600x541.png 600w\" sizes=\"(max-width: 931px) 100vw, 931px\" \/><\/span><\/div><div class=\"bt_bb_floating_image bt_bb_floating_image_horizontal_position_center bt_bb_floating_image_vertical_position_bottom bt_bb_floating_image_animation_delay_default bt_bb_floating_image_animation_duration_default bt_bb_floating_image_animation_style_ease_out\" style=\"max-width: 520px;\" data-speed=\"1.0\"><div class=\"bt_bb_floating_image_image\" data-speed=\"1.0\"><div class=\"bt_bb_image\" data-bt-override-class=\"{}\"><span><img decoding=\"async\" width=\"931\" height=\"942\" src=\"https:\/\/denteliteglobal.com\/wp-content\/uploads\/2020\/04\/floater-1.png\" class=\"attachment-full size-full\" alt=\"https:\/\/denteliteglobal.com\/wp-content\/uploads\/2020\/04\/floater-1.png\" data-full_image_src=\"https:\/\/denteliteglobal.com\/wp-content\/uploads\/2020\/04\/floater-1.png\" title=\"floater-1\" loading=\"eager\" srcset=\"https:\/\/denteliteglobal.com\/wp-content\/uploads\/2020\/04\/floater-1.png 931w, https:\/\/denteliteglobal.com\/wp-content\/uploads\/2020\/04\/floater-1-640x648.png 640w, https:\/\/denteliteglobal.com\/wp-content\/uploads\/2020\/04\/floater-1-768x777.png 768w, https:\/\/denteliteglobal.com\/wp-content\/uploads\/2020\/04\/floater-1-320x324.png 320w, https:\/\/denteliteglobal.com\/wp-content\/uploads\/2020\/04\/floater-1-600x607.png 600w, https:\/\/denteliteglobal.com\/wp-content\/uploads\/2020\/04\/floater-1-100x100.png 100w\" sizes=\"(max-width: 931px) 100vw, 931px\" \/><\/span><\/div><\/div><\/div><\/div><\/div><\/div><\/div><\/div><!-- cell_inner --><\/div><!-- cell --><\/div><!-- port --><div class=\"bt_bb_section_bottom_section_coverage_image\"><img decoding=\"async\" src=\"https:\/\/denteliteglobal.com\/wp-content\/uploads\/2020\/01\/bottom-cover-2.png\" alt=\"bt_bb_section_bottom_section_coverage_image\" \/><\/div><\/section><section id=\"bt_bb_section69d26ea53df8e\" class=\"bt_bb_section bt_bb_layout_boxed_1200 bt_bb_vertical_align_top bt_bb_top_spacing_large bt_bb_bottom_spacing_medium\"  data-bt-override-class=\"null\"><div class=\"bt_bb_port\"><div class=\"bt_bb_cell\"><div class=\"bt_bb_cell_inner\"><div class=\"bt_bb_row  bt_bb_column_gap_60\" style=\"; --column-gap:60px;\" data-bt-override-class=\"{}\"><div class=\"bt_bb_row_holder\" ><div  class=\"bt_bb_column col-xxl-8 col-xl-8 bt_bb_vertical_align_top bt_bb_align_left bt_bb_padding_normal bt_bb_animation_fade_in animate\" style=\"border-right: 1px solid rgba(34,34,34,.1);\" data-width=\"8\" data-bt-override-class=\"{}\"><div class=\"bt_bb_column_content\"><div  class=\"bt_bb_text\" ><\/p>\n<p>Istanbul hat eine illustre Geschichte von 8.500 Jahren und war zu jeder Zeit eine bedeutende Metropole. Der Bosporus, der Europa und Asien trennt, verl\u00e4uft durch die Stadt und war einst die Hauptstadt zahlreicher Reiche, darunter das R\u00f6mische, Byzantinische und Osmanische. Die Stadt beherbergt einige unsch\u00e4tzbar wertvolle antike St\u00e4tten. 78 \u00f6ffentliche und private Museen, 112 Einkaufszentren, 5 Kaiserpal\u00e4ste, zahlreiche Sommerpal\u00e4ste und Villen, eine Reihe von historischen Basaren, 54 Universit\u00e4ten, die Hauptstadt dreier gro\u00dfer Reiche, hat eine Bev\u00f6lkerung von 14,8 Millionen, ist die achth\u00e4ufigste besuchte Stadt der Welt, wurde 2010 zur weltweit f\u00fchrenden Kongressdestination ernannt und wurde 2012 zur europ\u00e4ischen Hauptstadt des Sports gek\u00fcrt. Es verbindet auch Europa und Asien. Istanbul, die gr\u00f6\u00dfte Stadt der T\u00fcrkei, wurde in einer Liste der weltweit 53 besten St\u00e4dte aufgenommen, die von einer in Gro\u00dfbritannien ans\u00e4ssigen Kulturpublikation im Jahr 2022 zusammengestellt wurde. Edinburgh stand an der Spitze des Rankings von Time Out Magazine von 53 St\u00e4dten, gefolgt von Chicago, Medellin und Istanbul, das auf Platz 50 landete. Die Er\u00f6ffnung von Galataport war nach Angaben des Magazins eines der wichtigsten Ereignisse in der Stadt in diesem Jahr. Die Atat\u00fcrk-Kulturzentrum, eines der renommierten Kunstst\u00e4tten der Metropole, beherbergte Opern, Theater, Konzerte und Kinovorf\u00fchrungen, w\u00e4hrend die 17. Istanbul Biennale und zahlreiche bedeutende musikalische Veranstaltungen laut dem Magazin hervorstachen. Istanbul pr\u00e4sentierte auch sein einzigartiges kulturelles Leben. Fast alle Bewohner der Stadt (97%) sch\u00e4tzten die Metropole daf\u00fcr, dass sie niemals eint\u00f6nig sei und die Vielfalt, die sie bietet. Ganze 83 Prozent sagten, dass es vielf\u00e4ltig sei und fast 82 Prozent sagten, dass es fantastisch f\u00fcr Essen und Trinken sei. Eine Welle der Begeisterung verbreitete sich im Gesch\u00e4ft mit der Ver\u00f6ffentlichung des ersten Michelin-F\u00fchrers der Stadt, so wurde hinzugef\u00fcgt.<\/p>\n<p><strong>Zug\u00e4nglichkeit<br \/>\n<\/strong>Die Beliebtheit Istanbuls als Konferenzort ist zum Teil auf seine Zug\u00e4nglichkeit von \u00fcberall auf der Welt zur\u00fcckzuf\u00fchren. Eineinhalb Milliarden Menschen leben innerhalb von vier Stunden von Istanbul entfernt, dank Turkish Airlines, einem Mitglied der Star Alliance, das \u00fcber 300 Direktfl\u00fcge zu Zielen auf f\u00fcnf Kontinenten anbietet. Reisen durch zwei Flugh\u00e4fen, insbesondere den verkehrsreichsten Flughafen der Welt, den Flughafen Istanbul, der den Passagierverkehr misst.<\/p>\n<p><strong>Kapazit\u00e4t<br \/>\n<\/strong>Istanbul bietet eine Vielzahl von Unterk\u00fcnften, darunter f\u00fchrende internationale und nationale Hotelmarken, mit einer Gesamtbettenkapazit\u00e4t von 145.548 und mehr als 293 Vier- und F\u00fcnf-Sterne-Hotels. Der Bezirk Yesilkoy und das Congress Valley in Istanbul bieten unabh\u00e4ngige, aber integrierbare Meeting- und Ausstellungskluster.<\/p>\n<p><strong>Einzigartige Erfahrung<br \/>\n<\/strong>Istanbul begr\u00fc\u00dft Sie mit besonderen Einstellungen, um eine Fusion vieler Kulturen und eine gro\u00dfartige K\u00fcche des Ostens und des Westens zu erleben. Diese Orte reichen von osmanischen Pal\u00e4sten bis hin zu Zisternen, von modernen Annehmlichkeiten bis hin zu Herrenh\u00e4usern an den K\u00fcsten des Bosporus. Istanbul ist f\u00fcr Sie mit der Gewissheit einer erstaunlichen Erfahrung f\u00fcr Ihre Veranstaltungen und Kongresse vorbereitet, ob bei einem Galadinner oder einer sozialen Funktion, f\u00fcr jedes von Ihnen geplante Programm.<\/p>\n<p>In den letzten Jahren hat Istanbul Gastgeber f\u00fcr eine Reihe von gro\u00dfen Konferenzen gespielt. Einige der wichtigen Ereignisse, die von der internationalen Gemeinschaft gelobt wurden, sind: 5.000 Menschen nahmen am 22. Welt-Petroleum-Kongress und 5.000 Menschen nahmen am 16. Weltkongress f\u00fcr Neurochirurgie teil. 26.000 Teilnehmer nahmen am 10.000-Personen-Weltgipfel f\u00fcr humanit\u00e4re Hilfe am 23. Weltenergiekongress teil.<\/p>\n<p><strong>Geschmack in Istanbul<\/strong><br \/>\nF\u00fcr diejenigen, die daran interessiert sind, neue Geschmacksrichtungen zu entdecken und zu genie\u00dfen, bietet die Vielfalt und der Reichtum der t\u00fcrkischen K\u00fcche eine breite Palette von Optionen. Die kulinarische Landschaft der T\u00fcrkei zeigt eine gro\u00dfe kulinarische Synthese aus ihrem kulturellen Hintergrund, von k\u00f6stlichen Fleisch-, Meeresfr\u00fcchte- und Gem\u00fcsespezialit\u00e4ten bis hin zu herrlichen Geb\u00e4ckoptionen. Istanbul bietet eine vielf\u00e4ltige Auswahl an K\u00fcchen aus der ganzen Welt.<\/p>\n<p><strong>Fortbewegung<\/strong><br \/>\nDas \u00f6ffentliche Verkehrssystem Istanbuls kann aufgrund schlechter Verbindungen, fehlender Karten und h\u00e4ufiger Umstiege, f\u00fcr die zus\u00e4tzliche Geb\u00fchren erforderlich sind, schwer zu navigieren sein. Sie k\u00f6nnen jedoch Taxis vermeiden und Ihre Gehstrecke begrenzen, wenn Sie sich etwas M\u00fche geben. Istanbuls \u00f6ffentliches Verkehrssystem verwendet eine Smartcard namens &#8222;Istanbulkart&#8220;, die als Fahrkarte f\u00fcr Busse, Stra\u00dfenbahnen, Vorortz\u00fcge, die U-Bahn, lokale F\u00e4hren usw. verwendet werden kann. Wenn Sie w\u00e4hrend Ihres Aufenthalts in Istanbul f\u00fcr mehr als einen oder zwei Tage \u00f6ffentliche Verkehrsmittel nutzen m\u00f6chten, wird sich die Karte nach einigen Fahrten amortisieren.<\/p>\n<p><strong>Patientenzufriedenheit<\/strong><br \/>\nF\u00fcr die beste Patientenzufriedenheit bei ausgew\u00e4hlten Operations- und Behandlungspaketen ist DenteliteGlobal eine internationale Zahninstitution mit den neuesten technischen Werkzeugen und qualifiziertem medizinischen Team.<\/p>\n<p>\n<\/div><\/div><\/div><div  class=\"bt_bb_column col-xxl-4 col-xl-4 bt_bb_vertical_align_top bt_bb_align_left bt_bb_padding_normal bt_bb_animation_fade_in animate\"  data-width=\"4\" data-bt-override-class=\"{}\"><div class=\"bt_bb_column_content\"><div class=\"bt_bb_custom_menu bt_bb_direction_vertical\"><div class=\"menu-discover-menu-german-container\"><ul id=\"menu-discover-menu-german\" class=\"menu\"><li id=\"menu-item-4245\" class=\"menu-item menu-item-type-post_type menu-item-object-page menu-item-4245\"><a href=\"https:\/\/denteliteglobal.com\/de\/entdecken-sie\/warum-medizintourismus\">Warum Medizintourismus?<\/a><\/li>\n<li id=\"menu-item-4246\" class=\"menu-item menu-item-type-post_type menu-item-object-page menu-item-4246\"><a href=\"https:\/\/denteliteglobal.com\/de\/entdecken-sie\/warum-istanbul\">Warum Istanbul?<\/a><\/li>\n<li id=\"menu-item-4247\" class=\"menu-item menu-item-type-post_type menu-item-object-page menu-item-4247\"><a href=\"https:\/\/denteliteglobal.com\/de\/entdecken-sie\/ist-es-sicher\">Ist es sicher?<\/a><\/li>\n<li id=\"menu-item-4248\" class=\"menu-item menu-item-type-post_type menu-item-object-page menu-item-4248\"><a href=\"https:\/\/denteliteglobal.com\/de\/entdecken-sie\/wie-funktioniert-der-prozess\">Wie funktioniert der Prozess?<\/a><\/li>\n<\/ul><\/div><\/div><div class=\"bt_bb_separator bt_bb_border_style_none bt_bb_top_spacing_medium\" data-bt-override-class=\"null\"><\/div><\/div><\/div><\/div><\/div><div class=\"bt_bb_row \"  data-bt-override-class=\"{}\"><div class=\"bt_bb_row_holder\" ><div  class=\"bt_bb_column col-xxl-12 col-xl-12 bt_bb_vertical_align_top bt_bb_align_left bt_bb_padding_normal\"  data-width=\"12\" data-bt-override-class=\"{}\"><div class=\"bt_bb_column_content\"><div class=\"bt_bb_separator bt_bb_border_style_none bt_bb_top_spacing_small bt_bb_bottom_spacing_normal\" data-bt-override-class=\"null\"><\/div><\/div><\/div><\/div><\/div><\/div><!-- cell_inner --><\/div><!-- cell --><\/div><!-- port --><\/section><\/p>\n","protected":false},"excerpt":{"rendered":"<p>Credibly innovate granular internal or organic sources whereas high standards in web-readiness. Energistically scale future-proof core competencies vis-a-vis impactful experiences. Dramatically synthesize integrated schemas with optimal networks.<\/p>\n","protected":false},"author":2,"featured_media":2755,"parent":3603,"menu_order":0,"comment_status":"closed","ping_status":"closed","template":"","meta":{"footnotes":""},"class_list":["post-3485","page","type-page","status-publish","has-post-thumbnail","hentry"],"yoast_head":"<!-- This site is optimized with the Yoast SEO plugin v27.3 - https:\/\/yoast.com\/product\/yoast-seo-wordpress\/ -->\n<title>Warum Istanbul? &#8212; Dentelite Global<\/title>\n<meta name=\"robots\" content=\"index, follow, max-snippet:-1, max-image-preview:large, max-video-preview:-1\" \/>\n<link rel=\"canonical\" href=\"https:\/\/denteliteglobal.com\/de\/entdecken-sie\/warum-istanbul\" \/>\n<meta property=\"og:locale\" content=\"de_DE\" \/>\n<meta property=\"og:type\" content=\"article\" \/>\n<meta property=\"og:title\" content=\"Warum Istanbul? &#8212; Dentelite Global\" \/>\n<meta property=\"og:description\" content=\"Credibly innovate granular internal or organic sources whereas high standards in web-readiness. Energistically scale future-proof core competencies vis-a-vis impactful experiences. Dramatically synthesize integrated schemas with optimal networks.\" \/>\n<meta property=\"og:url\" content=\"https:\/\/denteliteglobal.com\/de\/entdecken-sie\/warum-istanbul\" \/>\n<meta property=\"og:site_name\" content=\"Dentelite Global\" \/>\n<meta property=\"article:publisher\" content=\"https:\/\/www.facebook.com\/Dentelitedentistry\/\" \/>\n<meta property=\"article:modified_time\" content=\"2023-03-01T21:23:20+00:00\" \/>\n<meta property=\"og:image\" content=\"https:\/\/denteliteglobal.com\/wp-content\/uploads\/2020\/01\/post_10.jpg\" \/>\n\t<meta property=\"og:image:width\" content=\"1920\" \/>\n\t<meta property=\"og:image:height\" content=\"1200\" \/>\n\t<meta property=\"og:image:type\" content=\"image\/jpeg\" \/>\n<meta name=\"twitter:card\" content=\"summary_large_image\" \/>\n<meta name=\"twitter:label1\" content=\"Gesch\u00e4tzte Lesezeit\" \/>\n\t<meta name=\"twitter:data1\" content=\"5\u00a0Minuten\" \/>\n<script type=\"application\/ld+json\" class=\"yoast-schema-graph\">{\"@context\":\"https:\\\/\\\/schema.org\",\"@graph\":[{\"@type\":\"WebPage\",\"@id\":\"https:\\\/\\\/denteliteglobal.com\\\/de\\\/entdecken-sie\\\/warum-istanbul\",\"url\":\"https:\\\/\\\/denteliteglobal.com\\\/de\\\/entdecken-sie\\\/warum-istanbul\",\"name\":\"Warum Istanbul? &#8212; Dentelite Global\",\"isPartOf\":{\"@id\":\"https:\\\/\\\/denteliteglobal.com\\\/de#website\"},\"primaryImageOfPage\":{\"@id\":\"https:\\\/\\\/denteliteglobal.com\\\/de\\\/entdecken-sie\\\/warum-istanbul#primaryimage\"},\"image\":{\"@id\":\"https:\\\/\\\/denteliteglobal.com\\\/de\\\/entdecken-sie\\\/warum-istanbul#primaryimage\"},\"thumbnailUrl\":\"https:\\\/\\\/denteliteglobal.com\\\/wp-content\\\/uploads\\\/2020\\\/01\\\/post_10.jpg\",\"datePublished\":\"2023-01-24T12:55:17+00:00\",\"dateModified\":\"2023-03-01T21:23:20+00:00\",\"breadcrumb\":{\"@id\":\"https:\\\/\\\/denteliteglobal.com\\\/de\\\/entdecken-sie\\\/warum-istanbul#breadcrumb\"},\"inLanguage\":\"de\",\"potentialAction\":[{\"@type\":\"ReadAction\",\"target\":[\"https:\\\/\\\/denteliteglobal.com\\\/de\\\/entdecken-sie\\\/warum-istanbul\"]}]},{\"@type\":\"ImageObject\",\"inLanguage\":\"de\",\"@id\":\"https:\\\/\\\/denteliteglobal.com\\\/de\\\/entdecken-sie\\\/warum-istanbul#primaryimage\",\"url\":\"https:\\\/\\\/denteliteglobal.com\\\/wp-content\\\/uploads\\\/2020\\\/01\\\/post_10.jpg\",\"contentUrl\":\"https:\\\/\\\/denteliteglobal.com\\\/wp-content\\\/uploads\\\/2020\\\/01\\\/post_10.jpg\",\"width\":1920,\"height\":1200},{\"@type\":\"BreadcrumbList\",\"@id\":\"https:\\\/\\\/denteliteglobal.com\\\/de\\\/entdecken-sie\\\/warum-istanbul#breadcrumb\",\"itemListElement\":[{\"@type\":\"ListItem\",\"position\":1,\"name\":\"Home\",\"item\":\"https:\\\/\\\/denteliteglobal.com\\\/de\"},{\"@type\":\"ListItem\",\"position\":2,\"name\":\"Warum Istanbul?\"}]},{\"@type\":\"WebSite\",\"@id\":\"https:\\\/\\\/denteliteglobal.com\\\/de#website\",\"url\":\"https:\\\/\\\/denteliteglobal.com\\\/de\",\"name\":\"Dentelite Global\",\"description\":\"Time to Smile!\",\"publisher\":{\"@id\":\"https:\\\/\\\/denteliteglobal.com\\\/de#organization\"},\"potentialAction\":[{\"@type\":\"SearchAction\",\"target\":{\"@type\":\"EntryPoint\",\"urlTemplate\":\"https:\\\/\\\/denteliteglobal.com\\\/de?s={search_term_string}\"},\"query-input\":{\"@type\":\"PropertyValueSpecification\",\"valueRequired\":true,\"valueName\":\"search_term_string\"}}],\"inLanguage\":\"de\"},{\"@type\":\"Organization\",\"@id\":\"https:\\\/\\\/denteliteglobal.com\\\/de#organization\",\"name\":\"Dentelite Global\",\"url\":\"https:\\\/\\\/denteliteglobal.com\\\/de\",\"logo\":{\"@type\":\"ImageObject\",\"inLanguage\":\"de\",\"@id\":\"https:\\\/\\\/denteliteglobal.com\\\/de#\\\/schema\\\/logo\\\/image\\\/\",\"url\":\"https:\\\/\\\/denteliteglobal.com\\\/wp-content\\\/uploads\\\/2023\\\/02\\\/dg-logo-3.png\",\"contentUrl\":\"https:\\\/\\\/denteliteglobal.com\\\/wp-content\\\/uploads\\\/2023\\\/02\\\/dg-logo-3.png\",\"width\":1200,\"height\":600,\"caption\":\"Dentelite Global\"},\"image\":{\"@id\":\"https:\\\/\\\/denteliteglobal.com\\\/de#\\\/schema\\\/logo\\\/image\\\/\"},\"sameAs\":[\"https:\\\/\\\/www.facebook.com\\\/Dentelitedentistry\\\/\",\"https:\\\/\\\/www.instagram.com\\\/dentelite_dentistry\\\/\"]}]}<\/script>\n<!-- \/ Yoast SEO plugin. -->","yoast_head_json":{"title":"Warum Istanbul? &#8212; Dentelite Global","robots":{"index":"index","follow":"follow","max-snippet":"max-snippet:-1","max-image-preview":"max-image-preview:large","max-video-preview":"max-video-preview:-1"},"canonical":"https:\/\/denteliteglobal.com\/de\/entdecken-sie\/warum-istanbul","og_locale":"de_DE","og_type":"article","og_title":"Warum Istanbul? &#8212; Dentelite Global","og_description":"Credibly innovate granular internal or organic sources whereas high standards in web-readiness. Energistically scale future-proof core competencies vis-a-vis impactful experiences. Dramatically synthesize integrated schemas with optimal networks.","og_url":"https:\/\/denteliteglobal.com\/de\/entdecken-sie\/warum-istanbul","og_site_name":"Dentelite Global","article_publisher":"https:\/\/www.facebook.com\/Dentelitedentistry\/","article_modified_time":"2023-03-01T21:23:20+00:00","og_image":[{"width":1920,"height":1200,"url":"https:\/\/denteliteglobal.com\/wp-content\/uploads\/2020\/01\/post_10.jpg","type":"image\/jpeg"}],"twitter_card":"summary_large_image","twitter_misc":{"Gesch\u00e4tzte Lesezeit":"5\u00a0Minuten"},"schema":{"@context":"https:\/\/schema.org","@graph":[{"@type":"WebPage","@id":"https:\/\/denteliteglobal.com\/de\/entdecken-sie\/warum-istanbul","url":"https:\/\/denteliteglobal.com\/de\/entdecken-sie\/warum-istanbul","name":"Warum Istanbul? &#8212; Dentelite Global","isPartOf":{"@id":"https:\/\/denteliteglobal.com\/de#website"},"primaryImageOfPage":{"@id":"https:\/\/denteliteglobal.com\/de\/entdecken-sie\/warum-istanbul#primaryimage"},"image":{"@id":"https:\/\/denteliteglobal.com\/de\/entdecken-sie\/warum-istanbul#primaryimage"},"thumbnailUrl":"https:\/\/denteliteglobal.com\/wp-content\/uploads\/2020\/01\/post_10.jpg","datePublished":"2023-01-24T12:55:17+00:00","dateModified":"2023-03-01T21:23:20+00:00","breadcrumb":{"@id":"https:\/\/denteliteglobal.com\/de\/entdecken-sie\/warum-istanbul#breadcrumb"},"inLanguage":"de","potentialAction":[{"@type":"ReadAction","target":["https:\/\/denteliteglobal.com\/de\/entdecken-sie\/warum-istanbul"]}]},{"@type":"ImageObject","inLanguage":"de","@id":"https:\/\/denteliteglobal.com\/de\/entdecken-sie\/warum-istanbul#primaryimage","url":"https:\/\/denteliteglobal.com\/wp-content\/uploads\/2020\/01\/post_10.jpg","contentUrl":"https:\/\/denteliteglobal.com\/wp-content\/uploads\/2020\/01\/post_10.jpg","width":1920,"height":1200},{"@type":"BreadcrumbList","@id":"https:\/\/denteliteglobal.com\/de\/entdecken-sie\/warum-istanbul#breadcrumb","itemListElement":[{"@type":"ListItem","position":1,"name":"Home","item":"https:\/\/denteliteglobal.com\/de"},{"@type":"ListItem","position":2,"name":"Warum Istanbul?"}]},{"@type":"WebSite","@id":"https:\/\/denteliteglobal.com\/de#website","url":"https:\/\/denteliteglobal.com\/de","name":"Dentelite Global","description":"Time to Smile!","publisher":{"@id":"https:\/\/denteliteglobal.com\/de#organization"},"potentialAction":[{"@type":"SearchAction","target":{"@type":"EntryPoint","urlTemplate":"https:\/\/denteliteglobal.com\/de?s={search_term_string}"},"query-input":{"@type":"PropertyValueSpecification","valueRequired":true,"valueName":"search_term_string"}}],"inLanguage":"de"},{"@type":"Organization","@id":"https:\/\/denteliteglobal.com\/de#organization","name":"Dentelite Global","url":"https:\/\/denteliteglobal.com\/de","logo":{"@type":"ImageObject","inLanguage":"de","@id":"https:\/\/denteliteglobal.com\/de#\/schema\/logo\/image\/","url":"https:\/\/denteliteglobal.com\/wp-content\/uploads\/2023\/02\/dg-logo-3.png","contentUrl":"https:\/\/denteliteglobal.com\/wp-content\/uploads\/2023\/02\/dg-logo-3.png","width":1200,"height":600,"caption":"Dentelite Global"},"image":{"@id":"https:\/\/denteliteglobal.com\/de#\/schema\/logo\/image\/"},"sameAs":["https:\/\/www.facebook.com\/Dentelitedentistry\/","https:\/\/www.instagram.com\/dentelite_dentistry\/"]}]}},"_links":{"self":[{"href":"https:\/\/denteliteglobal.com\/de\/wp-json\/wp\/v2\/pages\/3485","targetHints":{"allow":["GET"]}}],"collection":[{"href":"https:\/\/denteliteglobal.com\/de\/wp-json\/wp\/v2\/pages"}],"about":[{"href":"https:\/\/denteliteglobal.com\/de\/wp-json\/wp\/v2\/types\/page"}],"author":[{"embeddable":true,"href":"https:\/\/denteliteglobal.com\/de\/wp-json\/wp\/v2\/users\/2"}],"replies":[{"embeddable":true,"href":"https:\/\/denteliteglobal.com\/de\/wp-json\/wp\/v2\/comments?post=3485"}],"version-history":[{"count":0,"href":"https:\/\/denteliteglobal.com\/de\/wp-json\/wp\/v2\/pages\/3485\/revisions"}],"up":[{"embeddable":true,"href":"https:\/\/denteliteglobal.com\/de\/wp-json\/wp\/v2\/pages\/3603"}],"wp:featuredmedia":[{"embeddable":true,"href":"https:\/\/denteliteglobal.com\/de\/wp-json\/wp\/v2\/media\/2755"}],"wp:attachment":[{"href":"https:\/\/denteliteglobal.com\/de\/wp-json\/wp\/v2\/media?parent=3485"}],"curies":[{"name":"wp","href":"https:\/\/api.w.org\/{rel}","templated":true}]}}