{"id":3470,"date":"2023-01-24T12:00:11","date_gmt":"2023-01-24T12:00:11","guid":{"rendered":"https:\/\/denteliteglobal.com\/warum-medizintourismus"},"modified":"2023-03-01T21:00:26","modified_gmt":"2023-03-01T21:00:26","slug":"warum-medizintourismus","status":"publish","type":"page","link":"https:\/\/denteliteglobal.com\/de\/entdecken-sie\/warum-medizintourismus","title":{"rendered":"Warum Medizintourismus?"},"content":{"rendered":"<p><section id=\"bt_bb_section69d26eec8f4ff\" class=\"bt_bb_section bt_bb_layout_boxed_1200 bt_bb_vertical_align_top bt_bb_bottom_section_coverage_image bt_bb_section_with_bottom_coverage_image bt_bb_top_spacing_medium\" style=\";background-color:#fdabb7;\" data-bt-override-class=\"null\"><div class=\"bt_bb_background_image_holder_wrapper\"><div class=\"bt_bb_background_image_holder btLazyLoadBackground bt_bb_parallax\"  data-background_image_src=\"https:\/\/denteliteglobal.com\/wp-content\/uploads\/2020\/04\/bgn-blurb-1.png\" data-parallax=\"0.6\" data-parallax-offset=\"0\" data-parallax-zoom-start=\"1\" data-parallax-zoom-end=\"1\" data-parallax-blur-start=\"0\" data-parallax-blur-end=\"0\" data-parallax-opacity-start=\"1\" data-parallax-opacity-end=\"1\" style=\" background-image: url(&#039;https:\/\/denteliteglobal.com\/wp-content\/plugins\/bold-page-builder\/img\/blank.gif&#039;);\"><\/div><\/div><div class=\"bt_bb_port\"><div class=\"bt_bb_cell\"><div class=\"bt_bb_cell_inner\"><div class=\"bt_bb_row \"  data-bt-override-class=\"{}\"><div class=\"bt_bb_row_holder\" ><div  class=\"bt_bb_column col-xxl-6 col-xl-6 bt_bb_vertical_align_bottom bt_bb_align_left bt_bb_padding_normal\"  data-width=\"6\" data-bt-override-class=\"{}\"><div class=\"bt_bb_column_content\"><div class=\"bt_bb_separator bt_bb_border_style_none bt_bb_bottom_spacing_medium\" data-bt-override-class=\"null\"><\/div><header class=\"bt_bb_headline bt_bb_font_weight_bold bt_bb_subheadline_text_transform_default bt_bb_color_scheme_11 bt_bb_dash_none bt_bb_subheadline bt_bb_size_huge bt_bb_align_inherit bt_bb_dash_type_none\" style=\"; --primary-color:#ffffff; --secondary-color:#333c4a;\" data-bt-override-class=\"{&quot;bt_bb_size_&quot;:{&quot;current_class&quot;:&quot;bt_bb_size_huge&quot;,&quot;def&quot;:&quot;huge&quot;,&quot;xl&quot;:&quot;huge&quot;},&quot;bt_bb_align_&quot;:{&quot;current_class&quot;:&quot;bt_bb_align_inherit&quot;,&quot;def&quot;:&quot;inherit&quot;,&quot;xl&quot;:&quot;inherit&quot;}}\"><h1 class=\"bt_bb_headline_tag\"><span class=\"bt_bb_headline_content\"><span><small>Warum<\/small><br \/><br \/>\n<s>Medizintourismus?<\/s><\/span><\/span><\/h1><div class=\"bt_bb_headline_subheadline\">Medizinisches Reisen, auch bekannt als medizinischer Tourismus, ist die Praxis, in ein anderes Land f\u00fcr medizinische Behandlung zu reisen. Es gibt mehrere Gr\u00fcnde, warum Menschen sich f\u00fcr medizinische Versorgung im Ausland entscheiden.<\/div><\/header><div class=\"bt_bb_separator bt_bb_border_style_none bt_bb_bottom_spacing_large\" data-bt-override-class=\"null\"><\/div><\/div><\/div><div  class=\"bt_bb_column col-xxl-6 col-xl-6 bt_bb_vertical_align_bottom bt_bb_align_center bt_bb_padding_normal bt_bb_animation_fade_in move_up animate\" style=\"position: relative;\" data-width=\"6\" data-bt-override-class=\"{}\"><div class=\"bt_bb_column_content\"><div class=\"bt_bb_image bt_bb_shape_square bt_bb_target_self bt_bb_align_inherit bt_bb_hover_style_simple bt_bb_content_display_always bt_bb_content_align_middle\" style=\"max-width: 560px;\" data-bt-override-class=\"{}\"><span><img fetchpriority=\"high\" decoding=\"async\" width=\"931\" height=\"840\" src=\"https:\/\/denteliteglobal.com\/wp-content\/uploads\/2020\/04\/img-people.png\" class=\"attachment-full size-full\" alt=\"https:\/\/denteliteglobal.com\/wp-content\/uploads\/2020\/04\/img-people.png\" data-full_image_src=\"https:\/\/denteliteglobal.com\/wp-content\/uploads\/2020\/04\/img-people.png\" loading=\"eager\" srcset=\"https:\/\/denteliteglobal.com\/wp-content\/uploads\/2020\/04\/img-people.png 931w, https:\/\/denteliteglobal.com\/wp-content\/uploads\/2020\/04\/img-people-640x577.png 640w, https:\/\/denteliteglobal.com\/wp-content\/uploads\/2020\/04\/img-people-768x693.png 768w, https:\/\/denteliteglobal.com\/wp-content\/uploads\/2020\/04\/img-people-320x289.png 320w, https:\/\/denteliteglobal.com\/wp-content\/uploads\/2020\/04\/img-people-600x541.png 600w\" sizes=\"(max-width: 931px) 100vw, 931px\" \/><\/span><\/div><div class=\"bt_bb_floating_image bt_bb_floating_image_horizontal_position_center bt_bb_floating_image_vertical_position_bottom bt_bb_floating_image_animation_delay_default bt_bb_floating_image_animation_duration_default bt_bb_floating_image_animation_style_ease_out\" style=\"max-width: 520px;\" data-speed=\"1.0\"><div class=\"bt_bb_floating_image_image\" data-speed=\"1.0\"><div class=\"bt_bb_image\" data-bt-override-class=\"{}\"><span><img decoding=\"async\" width=\"931\" height=\"942\" src=\"https:\/\/denteliteglobal.com\/wp-content\/uploads\/2020\/04\/floater-1.png\" class=\"attachment-full size-full\" alt=\"https:\/\/denteliteglobal.com\/wp-content\/uploads\/2020\/04\/floater-1.png\" data-full_image_src=\"https:\/\/denteliteglobal.com\/wp-content\/uploads\/2020\/04\/floater-1.png\" title=\"floater-1\" loading=\"eager\" srcset=\"https:\/\/denteliteglobal.com\/wp-content\/uploads\/2020\/04\/floater-1.png 931w, https:\/\/denteliteglobal.com\/wp-content\/uploads\/2020\/04\/floater-1-640x648.png 640w, https:\/\/denteliteglobal.com\/wp-content\/uploads\/2020\/04\/floater-1-768x777.png 768w, https:\/\/denteliteglobal.com\/wp-content\/uploads\/2020\/04\/floater-1-320x324.png 320w, https:\/\/denteliteglobal.com\/wp-content\/uploads\/2020\/04\/floater-1-600x607.png 600w, https:\/\/denteliteglobal.com\/wp-content\/uploads\/2020\/04\/floater-1-100x100.png 100w\" sizes=\"(max-width: 931px) 100vw, 931px\" \/><\/span><\/div><\/div><\/div><\/div><\/div><\/div><\/div><\/div><!-- cell_inner --><\/div><!-- cell --><\/div><!-- port --><div class=\"bt_bb_section_bottom_section_coverage_image\"><img decoding=\"async\" src=\"https:\/\/denteliteglobal.com\/wp-content\/uploads\/2020\/01\/bottom-cover-2.png\" alt=\"bt_bb_section_bottom_section_coverage_image\" \/><\/div><\/section><section id=\"bt_bb_section69d26eec90062\" class=\"bt_bb_section bt_bb_layout_boxed_1200 bt_bb_vertical_align_top bt_bb_top_spacing_large bt_bb_bottom_spacing_medium\"  data-bt-override-class=\"null\"><div class=\"bt_bb_port\"><div class=\"bt_bb_cell\"><div class=\"bt_bb_cell_inner\"><div class=\"bt_bb_row  bt_bb_column_gap_60\" style=\"; --column-gap:60px;\" data-bt-override-class=\"{}\"><div class=\"bt_bb_row_holder\" ><div  class=\"bt_bb_column col-xxl-8 col-xl-8 bt_bb_vertical_align_top bt_bb_align_left bt_bb_padding_normal bt_bb_animation_fade_in animate\" style=\"border-right: 1px solid rgba(34,34,34,.1);\" data-width=\"8\" data-bt-override-class=\"{}\"><div class=\"bt_bb_column_content\"><div  class=\"bt_bb_text\" ><\/p>\n<p>Aus verschiedenen Gr\u00fcnden besuchen medizinische und zahnmedizinische Touristen andere L\u00e4nder. Die Centers for Disease Control and Prevention (CDC) vermuten, dass einige Patienten Einwanderer sein k\u00f6nnten, die medizinische Behandlungen in ihren Heimatl\u00e4ndern erhalten m\u00f6chten. Andere besuchen das Ausland, weil ihr Heimatland eine bestimmte Operation oder Behandlung nicht anbietet. Andere wiederum w\u00e4hlen bestimmte Behandlungen, weil sie viel g\u00fcnstiger sind. Laut CDC fliegen die meisten Patienten ins Ausland f\u00fcr Zahnbehandlungen, Herzoperationen und \u00e4sthetische oder plastische Chirurgie.<\/p>\n<p>Mexiko, Thailand, Ungarn, Spanien, Polen, Costa Rica, die Philippinen, Malaysia, die T\u00fcrkei und die Tschechische Republik sind die Top 10 Reiseziele f\u00fcr Zahnmedizin-Tourismus unter US-Patienten, so Patients Beyond Borders, ein Unternehmen, das medizinische Verfahren in anderen L\u00e4ndern untersucht, um medizinische Touristen zu informieren. In Mexiko, Costa Rica und Thailand k\u00f6nnen amerikanische Patienten Ersparnisse von jeweils 40% &#8211; 65%, 45% &#8211; 65% und 50% &#8211; 75% erwarten. Die Tabelle unten zeigt die durchschnittlichen Kosten f\u00fcr zahlreiche g\u00e4ngige Behandlungen in den Top 10 Zahnmedizin-Tourismus-L\u00e4ndern. Wie viel k\u00f6nnen Patienten wirklich sparen?<\/p>\n<p><img decoding=\"async\" class=\"aligncenter\" src=\"https:\/\/www.cureinturkiye.com\/wp-content\/uploads\/2023\/01\/feature_dental-tourism_chart-640x273.jpg\" \/><\/p>\n<p><strong>Zahnmedizin-Tourismus in Europa<\/strong><\/p>\n<p>Menschen aus anderen L\u00e4ndern reisen auch f\u00fcr Zahnbehandlungen, daher ist der Zahnmedizin-Tourismus \u00fcber Nordamerika hinaus weit verbreitet. In Europa ist die Praxis gleicherma\u00dfen verbreitet. F\u00fcr g\u00fcnstigere Preise besuchen Briten h\u00e4ufig Ungarn, die Slowakei und Polen. Iren reisen in die T\u00fcrkei, Malta, die Vereinigten Arabischen Emirate und Indien. Viele europ\u00e4ische L\u00e4nder werben f\u00fcr ihre Notwendigkeit von Patienten aus L\u00e4ndern mit h\u00f6heren Lebenshaltungskosten, \u00e4hnlich wie Los Algodones. Sowohl Polen als auch Kroatien haben Millionen in \u00d6ffentlichkeitsarbeit investiert, um ihre jeweiligen Medizintourismus-Branchen zu vermarkten. Das j\u00e4hrliche Wachstum von 12% bis 15% im Medizintourismus in Europa legt nahe, dass es funktioniert.<\/p>\n<p>Die europ\u00e4ischen M\u00e4rkte sind auch f\u00fcr US-B\u00fcrger offen. Patienten k\u00f6nnen mit einem aktuellen US-Pass bis zu 90 Tage lang ohne Visum in jedes Land im Schengen-Raum Europas reisen. Drei der zehn besten L\u00e4nder f\u00fcr Zahnmedizin-Tourismus weltweit geh\u00f6ren zum Schengen-Raum (Ungarn, Spanien und die Tschechische Republik). US-Zahnmedizin-Touristen d\u00fcrfen w\u00e4hrend ihres Aufenthalts in Europa zur zahn\u00e4rztlichen Versorgung andere Schengen-L\u00e4nder besuchen.<\/p>\n<p>Um die Freiz\u00fcgigkeit von Gesundheitsfachleuten zu f\u00f6rdern, streben mehrere Organisationen innerhalb der Europ\u00e4ischen Union eine Standardisierung der Qualit\u00e4t von Zahnmedizin-Ausbildung und -Versorgung in den Mitgliedsl\u00e4ndern an. Derzeit f\u00f6rdert die Federation of European Dental Competent Authorities and Regulators die Einheitlichkeit im klinischen Sektor, w\u00e4hrend die Association for Dental Education in Europe \u00e4hnliche Zwecke im Bildungssektor unterst\u00fctzt. Alle Patienten profitieren von diesen Bem\u00fchungen, da die Versorgung konsistenter wird, aber Patienten in den USA sollten immer noch auf regionale und nationale Unterschiede in der Versorgung vorbereitet sein.<\/p>\n<p><strong>Global Medical Tourism Market Insights 2026:<\/strong><br \/>\nGlobal Medical Tourism Market Insights 2026: Der Medizintourismus-Markt wird voraussichtlich von 58,62 Milliarden US-Dollar im Jahr 2018 auf 149,34 Milliarden US-Dollar im Jahr 2026 mit einer j\u00e4hrlichen Wachstumsrate von 12,4% wachsen. Mit einem Marktanteil von 37% im Jahr 2018 wird die Region Asien-Pazifik w\u00e4hrend des Prognosezeitraums voraussichtlich eine j\u00e4hrliche Wachstumsrate von 12,2% verzeichnen. Mit einer j\u00e4hrlichen Wachstumsrate von 12,7% wird die nordamerikanische Medizintourismus-Branche von 15,82 Milliarden US-Dollar im Jahr 2018 auf 41,07 Milliarden US-Dollar im Jahr 2026 wachsen.<\/p>\n<p>Das Reisen au\u00dferhalb des Landes zur medizinischen Versorgung wird als Medizintourismus bezeichnet. Mit anderen Worten: Medizintourismus bedeutet, dass ein Patient aus einem Land zur Behandlung in ein anderes Land mit guten medizinischen Einrichtungen reist, nur weil die Behandlung im Heimatland des Patienten nicht verf\u00fcgbar oder zu teuer ist. Der grundlegende Vorteil der medizinischen Reise besteht darin, dass Patienten sowohl die Behandlung erhalten, die sie ben\u00f6tigen, als auch Reiseerlebnisse machen k\u00f6nnen. Patienten \u00fcberqueren oft internationale Grenzen, um Zahnbehandlungen, Sch\u00f6nheitsoperationen, Fruchtbarkeitsbehandlungen und schwerwiegendere medizinische Dienstleistungen f\u00fcr Erkrankungen wie Krebs und Herzprobleme<\/p>\n<p style=\"text-align: center;\"><img decoding=\"async\" class=\"alignnone size-full wp-image-2199 aligncenter\" src=\"https:\/\/www.cureinturkiye.com\/wp-content\/uploads\/2023\/01\/medicaltourism.png\" alt=\"\" width=\"549\" height=\"287\" srcset=\"https:\/\/denteliteglobal.com\/wp-content\/uploads\/2023\/01\/medicaltourism.png 549w, https:\/\/denteliteglobal.com\/wp-content\/uploads\/2023\/01\/medicaltourism-320x167.png 320w\" sizes=\"(max-width: 549px) 100vw, 549px\" \/><br \/>\nQuelle: Research Dive Analyse &#8211; Feb 2020<\/p>\n<p>\n<\/div><\/div><\/div><div  class=\"bt_bb_column col-xxl-4 col-xl-4 bt_bb_vertical_align_top bt_bb_align_left bt_bb_padding_normal bt_bb_animation_fade_in animate\"  data-width=\"4\" data-bt-override-class=\"{}\"><div class=\"bt_bb_column_content\"><div class=\"bt_bb_custom_menu bt_bb_direction_vertical\"><div class=\"menu-discover-menu-german-container\"><ul id=\"menu-discover-menu-german\" class=\"menu\"><li id=\"menu-item-4245\" class=\"menu-item menu-item-type-post_type menu-item-object-page menu-item-4245\"><a href=\"https:\/\/denteliteglobal.com\/de\/entdecken-sie\/warum-medizintourismus\">Warum Medizintourismus?<\/a><\/li>\n<li id=\"menu-item-4246\" class=\"menu-item menu-item-type-post_type menu-item-object-page menu-item-4246\"><a href=\"https:\/\/denteliteglobal.com\/de\/entdecken-sie\/warum-istanbul\">Warum Istanbul?<\/a><\/li>\n<li id=\"menu-item-4247\" class=\"menu-item menu-item-type-post_type menu-item-object-page menu-item-4247\"><a href=\"https:\/\/denteliteglobal.com\/de\/entdecken-sie\/ist-es-sicher\">Ist es sicher?<\/a><\/li>\n<li id=\"menu-item-4248\" class=\"menu-item menu-item-type-post_type menu-item-object-page menu-item-4248\"><a href=\"https:\/\/denteliteglobal.com\/de\/entdecken-sie\/wie-funktioniert-der-prozess\">Wie funktioniert der Prozess?<\/a><\/li>\n<\/ul><\/div><\/div><div class=\"bt_bb_separator bt_bb_border_style_none bt_bb_top_spacing_medium\" data-bt-override-class=\"null\"><\/div><\/div><\/div><\/div><\/div><div class=\"bt_bb_row \"  data-bt-override-class=\"{}\"><div class=\"bt_bb_row_holder\" ><div  class=\"bt_bb_column col-xxl-12 col-xl-12 bt_bb_vertical_align_top bt_bb_align_left bt_bb_padding_normal\"  data-width=\"12\" data-bt-override-class=\"{}\"><div class=\"bt_bb_column_content\"><div class=\"bt_bb_separator bt_bb_border_style_none bt_bb_top_spacing_small bt_bb_bottom_spacing_normal\" data-bt-override-class=\"null\"><\/div><\/div><\/div><\/div><\/div><\/div><!-- cell_inner --><\/div><!-- cell --><\/div><!-- port --><\/section><\/p>\n","protected":false},"excerpt":{"rendered":"<p>Credibly innovate granular internal or organic sources whereas high standards in web-readiness. Energistically scale future-proof core competencies vis-a-vis impactful experiences. Dramatically synthesize integrated schemas with optimal networks.<\/p>\n","protected":false},"author":1,"featured_media":2755,"parent":3603,"menu_order":0,"comment_status":"closed","ping_status":"closed","template":"","meta":{"footnotes":""},"class_list":["post-3470","page","type-page","status-publish","has-post-thumbnail","hentry"],"yoast_head":"<!-- This site is optimized with the Yoast SEO plugin v27.3 - https:\/\/yoast.com\/product\/yoast-seo-wordpress\/ -->\n<title>Warum Medizintourismus? &#8212; Dentelite Global<\/title>\n<meta name=\"robots\" content=\"index, follow, max-snippet:-1, max-image-preview:large, max-video-preview:-1\" \/>\n<link rel=\"canonical\" href=\"https:\/\/denteliteglobal.com\/de\/entdecken-sie\/warum-medizintourismus\" \/>\n<meta property=\"og:locale\" content=\"de_DE\" \/>\n<meta property=\"og:type\" content=\"article\" \/>\n<meta property=\"og:title\" content=\"Warum Medizintourismus? &#8212; Dentelite Global\" \/>\n<meta property=\"og:description\" content=\"Credibly innovate granular internal or organic sources whereas high standards in web-readiness. Energistically scale future-proof core competencies vis-a-vis impactful experiences. Dramatically synthesize integrated schemas with optimal networks.\" \/>\n<meta property=\"og:url\" content=\"https:\/\/denteliteglobal.com\/de\/entdecken-sie\/warum-medizintourismus\" \/>\n<meta property=\"og:site_name\" content=\"Dentelite Global\" \/>\n<meta property=\"article:publisher\" content=\"https:\/\/www.facebook.com\/Dentelitedentistry\/\" \/>\n<meta property=\"article:modified_time\" content=\"2023-03-01T21:00:26+00:00\" \/>\n<meta property=\"og:image\" content=\"https:\/\/denteliteglobal.com\/wp-content\/uploads\/2020\/01\/post_10.jpg\" \/>\n\t<meta property=\"og:image:width\" content=\"1920\" \/>\n\t<meta property=\"og:image:height\" content=\"1200\" \/>\n\t<meta property=\"og:image:type\" content=\"image\/jpeg\" \/>\n<meta name=\"twitter:card\" content=\"summary_large_image\" \/>\n<meta name=\"twitter:label1\" content=\"Gesch\u00e4tzte Lesezeit\" \/>\n\t<meta name=\"twitter:data1\" content=\"5\u00a0Minuten\" \/>\n<script type=\"application\/ld+json\" class=\"yoast-schema-graph\">{\"@context\":\"https:\\\/\\\/schema.org\",\"@graph\":[{\"@type\":\"WebPage\",\"@id\":\"https:\\\/\\\/denteliteglobal.com\\\/de\\\/entdecken-sie\\\/warum-medizintourismus\",\"url\":\"https:\\\/\\\/denteliteglobal.com\\\/de\\\/entdecken-sie\\\/warum-medizintourismus\",\"name\":\"Warum Medizintourismus? &#8212; Dentelite Global\",\"isPartOf\":{\"@id\":\"https:\\\/\\\/denteliteglobal.com\\\/de#website\"},\"primaryImageOfPage\":{\"@id\":\"https:\\\/\\\/denteliteglobal.com\\\/de\\\/entdecken-sie\\\/warum-medizintourismus#primaryimage\"},\"image\":{\"@id\":\"https:\\\/\\\/denteliteglobal.com\\\/de\\\/entdecken-sie\\\/warum-medizintourismus#primaryimage\"},\"thumbnailUrl\":\"https:\\\/\\\/denteliteglobal.com\\\/wp-content\\\/uploads\\\/2020\\\/01\\\/post_10.jpg\",\"datePublished\":\"2023-01-24T12:00:11+00:00\",\"dateModified\":\"2023-03-01T21:00:26+00:00\",\"breadcrumb\":{\"@id\":\"https:\\\/\\\/denteliteglobal.com\\\/de\\\/entdecken-sie\\\/warum-medizintourismus#breadcrumb\"},\"inLanguage\":\"de\",\"potentialAction\":[{\"@type\":\"ReadAction\",\"target\":[\"https:\\\/\\\/denteliteglobal.com\\\/de\\\/entdecken-sie\\\/warum-medizintourismus\"]}]},{\"@type\":\"ImageObject\",\"inLanguage\":\"de\",\"@id\":\"https:\\\/\\\/denteliteglobal.com\\\/de\\\/entdecken-sie\\\/warum-medizintourismus#primaryimage\",\"url\":\"https:\\\/\\\/denteliteglobal.com\\\/wp-content\\\/uploads\\\/2020\\\/01\\\/post_10.jpg\",\"contentUrl\":\"https:\\\/\\\/denteliteglobal.com\\\/wp-content\\\/uploads\\\/2020\\\/01\\\/post_10.jpg\",\"width\":1920,\"height\":1200},{\"@type\":\"BreadcrumbList\",\"@id\":\"https:\\\/\\\/denteliteglobal.com\\\/de\\\/entdecken-sie\\\/warum-medizintourismus#breadcrumb\",\"itemListElement\":[{\"@type\":\"ListItem\",\"position\":1,\"name\":\"Home\",\"item\":\"https:\\\/\\\/denteliteglobal.com\\\/de\"},{\"@type\":\"ListItem\",\"position\":2,\"name\":\"Warum Medizintourismus?\"}]},{\"@type\":\"WebSite\",\"@id\":\"https:\\\/\\\/denteliteglobal.com\\\/de#website\",\"url\":\"https:\\\/\\\/denteliteglobal.com\\\/de\",\"name\":\"Dentelite Global\",\"description\":\"Time to Smile!\",\"publisher\":{\"@id\":\"https:\\\/\\\/denteliteglobal.com\\\/de#organization\"},\"potentialAction\":[{\"@type\":\"SearchAction\",\"target\":{\"@type\":\"EntryPoint\",\"urlTemplate\":\"https:\\\/\\\/denteliteglobal.com\\\/de?s={search_term_string}\"},\"query-input\":{\"@type\":\"PropertyValueSpecification\",\"valueRequired\":true,\"valueName\":\"search_term_string\"}}],\"inLanguage\":\"de\"},{\"@type\":\"Organization\",\"@id\":\"https:\\\/\\\/denteliteglobal.com\\\/de#organization\",\"name\":\"Dentelite Global\",\"url\":\"https:\\\/\\\/denteliteglobal.com\\\/de\",\"logo\":{\"@type\":\"ImageObject\",\"inLanguage\":\"de\",\"@id\":\"https:\\\/\\\/denteliteglobal.com\\\/de#\\\/schema\\\/logo\\\/image\\\/\",\"url\":\"https:\\\/\\\/denteliteglobal.com\\\/wp-content\\\/uploads\\\/2023\\\/02\\\/dg-logo-3.png\",\"contentUrl\":\"https:\\\/\\\/denteliteglobal.com\\\/wp-content\\\/uploads\\\/2023\\\/02\\\/dg-logo-3.png\",\"width\":1200,\"height\":600,\"caption\":\"Dentelite Global\"},\"image\":{\"@id\":\"https:\\\/\\\/denteliteglobal.com\\\/de#\\\/schema\\\/logo\\\/image\\\/\"},\"sameAs\":[\"https:\\\/\\\/www.facebook.com\\\/Dentelitedentistry\\\/\",\"https:\\\/\\\/www.instagram.com\\\/dentelite_dentistry\\\/\"]}]}<\/script>\n<!-- \/ Yoast SEO plugin. -->","yoast_head_json":{"title":"Warum Medizintourismus? &#8212; Dentelite Global","robots":{"index":"index","follow":"follow","max-snippet":"max-snippet:-1","max-image-preview":"max-image-preview:large","max-video-preview":"max-video-preview:-1"},"canonical":"https:\/\/denteliteglobal.com\/de\/entdecken-sie\/warum-medizintourismus","og_locale":"de_DE","og_type":"article","og_title":"Warum Medizintourismus? &#8212; Dentelite Global","og_description":"Credibly innovate granular internal or organic sources whereas high standards in web-readiness. Energistically scale future-proof core competencies vis-a-vis impactful experiences. Dramatically synthesize integrated schemas with optimal networks.","og_url":"https:\/\/denteliteglobal.com\/de\/entdecken-sie\/warum-medizintourismus","og_site_name":"Dentelite Global","article_publisher":"https:\/\/www.facebook.com\/Dentelitedentistry\/","article_modified_time":"2023-03-01T21:00:26+00:00","og_image":[{"width":1920,"height":1200,"url":"https:\/\/denteliteglobal.com\/wp-content\/uploads\/2020\/01\/post_10.jpg","type":"image\/jpeg"}],"twitter_card":"summary_large_image","twitter_misc":{"Gesch\u00e4tzte Lesezeit":"5\u00a0Minuten"},"schema":{"@context":"https:\/\/schema.org","@graph":[{"@type":"WebPage","@id":"https:\/\/denteliteglobal.com\/de\/entdecken-sie\/warum-medizintourismus","url":"https:\/\/denteliteglobal.com\/de\/entdecken-sie\/warum-medizintourismus","name":"Warum Medizintourismus? &#8212; Dentelite Global","isPartOf":{"@id":"https:\/\/denteliteglobal.com\/de#website"},"primaryImageOfPage":{"@id":"https:\/\/denteliteglobal.com\/de\/entdecken-sie\/warum-medizintourismus#primaryimage"},"image":{"@id":"https:\/\/denteliteglobal.com\/de\/entdecken-sie\/warum-medizintourismus#primaryimage"},"thumbnailUrl":"https:\/\/denteliteglobal.com\/wp-content\/uploads\/2020\/01\/post_10.jpg","datePublished":"2023-01-24T12:00:11+00:00","dateModified":"2023-03-01T21:00:26+00:00","breadcrumb":{"@id":"https:\/\/denteliteglobal.com\/de\/entdecken-sie\/warum-medizintourismus#breadcrumb"},"inLanguage":"de","potentialAction":[{"@type":"ReadAction","target":["https:\/\/denteliteglobal.com\/de\/entdecken-sie\/warum-medizintourismus"]}]},{"@type":"ImageObject","inLanguage":"de","@id":"https:\/\/denteliteglobal.com\/de\/entdecken-sie\/warum-medizintourismus#primaryimage","url":"https:\/\/denteliteglobal.com\/wp-content\/uploads\/2020\/01\/post_10.jpg","contentUrl":"https:\/\/denteliteglobal.com\/wp-content\/uploads\/2020\/01\/post_10.jpg","width":1920,"height":1200},{"@type":"BreadcrumbList","@id":"https:\/\/denteliteglobal.com\/de\/entdecken-sie\/warum-medizintourismus#breadcrumb","itemListElement":[{"@type":"ListItem","position":1,"name":"Home","item":"https:\/\/denteliteglobal.com\/de"},{"@type":"ListItem","position":2,"name":"Warum Medizintourismus?"}]},{"@type":"WebSite","@id":"https:\/\/denteliteglobal.com\/de#website","url":"https:\/\/denteliteglobal.com\/de","name":"Dentelite Global","description":"Time to Smile!","publisher":{"@id":"https:\/\/denteliteglobal.com\/de#organization"},"potentialAction":[{"@type":"SearchAction","target":{"@type":"EntryPoint","urlTemplate":"https:\/\/denteliteglobal.com\/de?s={search_term_string}"},"query-input":{"@type":"PropertyValueSpecification","valueRequired":true,"valueName":"search_term_string"}}],"inLanguage":"de"},{"@type":"Organization","@id":"https:\/\/denteliteglobal.com\/de#organization","name":"Dentelite Global","url":"https:\/\/denteliteglobal.com\/de","logo":{"@type":"ImageObject","inLanguage":"de","@id":"https:\/\/denteliteglobal.com\/de#\/schema\/logo\/image\/","url":"https:\/\/denteliteglobal.com\/wp-content\/uploads\/2023\/02\/dg-logo-3.png","contentUrl":"https:\/\/denteliteglobal.com\/wp-content\/uploads\/2023\/02\/dg-logo-3.png","width":1200,"height":600,"caption":"Dentelite Global"},"image":{"@id":"https:\/\/denteliteglobal.com\/de#\/schema\/logo\/image\/"},"sameAs":["https:\/\/www.facebook.com\/Dentelitedentistry\/","https:\/\/www.instagram.com\/dentelite_dentistry\/"]}]}},"_links":{"self":[{"href":"https:\/\/denteliteglobal.com\/de\/wp-json\/wp\/v2\/pages\/3470","targetHints":{"allow":["GET"]}}],"collection":[{"href":"https:\/\/denteliteglobal.com\/de\/wp-json\/wp\/v2\/pages"}],"about":[{"href":"https:\/\/denteliteglobal.com\/de\/wp-json\/wp\/v2\/types\/page"}],"author":[{"embeddable":true,"href":"https:\/\/denteliteglobal.com\/de\/wp-json\/wp\/v2\/users\/1"}],"replies":[{"embeddable":true,"href":"https:\/\/denteliteglobal.com\/de\/wp-json\/wp\/v2\/comments?post=3470"}],"version-history":[{"count":0,"href":"https:\/\/denteliteglobal.com\/de\/wp-json\/wp\/v2\/pages\/3470\/revisions"}],"up":[{"embeddable":true,"href":"https:\/\/denteliteglobal.com\/de\/wp-json\/wp\/v2\/pages\/3603"}],"wp:featuredmedia":[{"embeddable":true,"href":"https:\/\/denteliteglobal.com\/de\/wp-json\/wp\/v2\/media\/2755"}],"wp:attachment":[{"href":"https:\/\/denteliteglobal.com\/de\/wp-json\/wp\/v2\/media?parent=3470"}],"curies":[{"name":"wp","href":"https:\/\/api.w.org\/{rel}","templated":true}]}}